{"id":114,"date":"2011-04-20T15:19:27","date_gmt":"2011-04-20T15:19:27","guid":{"rendered":"http:\/\/www.comptoirsinde.org\/wp\/"},"modified":"2019-07-28T21:58:41","modified_gmt":"2019-07-28T19:58:41","slug":"expos-et-conferences","status":"publish","type":"page","link":"https:\/\/www.comptoirsinde.org\/?page_id=114","title":{"rendered":"Pr\u00e9sentation"},"content":{"rendered":"\n<div>\n<p><span style=\"color: #000000;\">Depuis sa cr\u00e9ation, le 18 mai 1992, l\u2019int\u00e9r\u00eat de l\u2019Association ne s\u2019est pas limit\u00e9 aux seuls Comptoirs, mais s\u2019est \u00e9tendu \u00e0 toute l\u2019Inde. Nos activit\u00e9s englobent dor\u00e9navant l\u2019Inde dans tous ses aspects. C\u2019est ainsi que l\u2019Association a cr\u00e9\u00e9 en novembre 1997, le Centre culturel et de documentation sur l\u2019Inde qui comporte plus de 3000 livres, documents, cartes postales, photos, timbres et archives familiales. Deux colloques ont \u00e9t\u00e9 organis\u00e9s au S\u00e9nat en 1994 et 2004 afin de comm\u00e9morer les 40\u00e8me\u00a0et 50\u00e8me\u00a0anniversaires du transfert des Comptoirs \u00e0 l\u2019Inde.<\/span><\/p>\n<p><span style=\"color: #000000;\">Les Actes des colloques ont \u00e9t\u00e9 publi\u00e9s ainsi que des ouvrages sp\u00e9cifiques. L\u2019Association participe r\u00e9guli\u00e8rement \u00e0 l\u2019animation de manifestations organis\u00e9es par les collectivit\u00e9s locales sur l\u2019Inde.<\/span><\/p>\n<p><em><strong><span style=\"color: #808080;\"><span style=\"color: #000000;\">Une introduction \u00e0 l\u2019Inde fran\u00e7aise et aux cultures r\u00e9gionales de l\u2019Inde.<\/span><\/span><\/strong><\/em><\/p>\n<p><span style=\"color: #000000;\">Conf\u00e9rences, tables-rondes, projections de films et de documentaires, organisation de spectacles et d\u2019expositions\u2026L&rsquo;Association \u00abLes\u00a0Comptoirs\u00a0de\u00a0l&rsquo;Inde\u00a0\u00bb\u00a0vous pr\u00e9sente le pass\u00e9 fran\u00e7ais, l\u2019histoire et la culture des anciens Comptoirs sans oublier non plus la richesse des cultures r\u00e9gionales indiennes\u00a0: tamoul, telugu, bengalie ou malayalam. Vous pourrez ainsi selon votre go\u00fbt \u00eatre initi\u00e9 au Bharata-Natyam, la danse classique du sud de l\u2019Inde, participer \u00e0 une table-ronde sur l\u2019avenir \u00e9conomique des anciens Comptoirs ou assister \u00e0 une r\u00e9trospective de l\u2019ensemble des documents cin\u00e9matographiques ayant trait \u00e0 l\u2019Inde fran\u00e7aise.<\/span><\/p>\n<p><span style=\"color: #000000;\"><strong><em>Un lieu d\u2019information et de documentation consacr\u00e9 aux Comptoirs.<\/em><\/strong><\/span><\/p>\n<p><span style=\"color: #000000;\">Chandernagor, Karikal, Mah\u00e9, Pondich\u00e9ry Yanaon\u2026\u00a0Une page d\u2019histoire est tourn\u00e9e. L&rsquo;Association \u00ab\u00a0Les Comptoirs de l&rsquo;Inde\u00a0\u00bb\u00a0met en \u0153uvre diverses actions pour constituer une base de donn\u00e9es sp\u00e9cialis\u00e9e, un fonds de documentation, une phototh\u00e8que et une vid\u00e9oth\u00e8que consacr\u00e9s aux Comptoirs. L&rsquo;Association soutient en outre les projets d\u2019\u00e9dition, de r\u00e9\u00e9dition ou de diffusion de tout document relatif \u00e0 l\u2019Inde fran\u00e7aise.<\/span><\/p>\n<p><span style=\"color: #000000;\">L&rsquo;Association publie \u00e0 l\u2019intention de ses membres un bulletin de liaison comportant un calendrier d\u00e9taill\u00e9 des manifestations qu\u2019elle organise.<\/span><\/p>\n<p><span style=\"color: #000000;\"><strong><em>Un organe de promotion de la francophonie dans les anciens Comptoirs.<\/em><\/strong><\/span><\/p>\n<ul>\n<li>Promouvoir en France le Territoire de Pondich\u00e9ry et la ville de Chandernagor et r\u00e9ciproquement la France et la langue fran\u00e7aise dans ces territoires.<\/li>\n<\/ul>\n<p>\u00a0<\/p>\n<ul>\n<li>\u0152uvrer \u00e0 la repr\u00e9sentation des Comptoirs au sein des instances de la francophonie en favorisant le d\u00e9veloppement de relations \u00e9conomiques et culturelles entre les collectivit\u00e9s territoriales fran\u00e7aises et les anciens Comptoirs.<\/li>\n<\/ul>\n<p>\u00a0<\/p>\n<ul>\n<li>Resserrer les liens entre les Fran\u00e7ais originaires des anciens Comptoirs fran\u00e7ais en Inde, les amis de l\u2019Inde, les francophiles indiens et les associations de Pondich\u00e9riens aussi bien en France qu\u2019en Inde. L&rsquo;Association\u00a0\u00ab\u00a0Les Comptoirs de l&rsquo;Inde\u00a0\u00bb\u00a0soutient tous les projets de restauration, de sauvegarde ou de mise en valeur du patrimoine fran\u00e7ais l\u00e9gu\u00e9 \u00e0 l\u2019actuel territoire de Pondich\u00e9ry et \u00e0 la ville de Chandernagor.<\/li>\n<\/ul>\n<p>\u00a0<\/p>\n<p><span style=\"color: #000000;\"><strong><em>Un lieu de convivialit\u00e9 ouvert \u00e0 tous les amis des Comptoirs.<\/em><\/strong><\/span><\/p>\n<p><span style=\"color: #000000;\">L&rsquo;Association organise des voyages th\u00e9matiques ax\u00e9s sur la d\u00e9couverte des cultures r\u00e9gionales indiennes \u00e0 travers les anciens Comptoirs europ\u00e9ens en Inde. Des d\u00eeners-d\u00e9bats et des soir\u00e9es pondich\u00e9riennes sont \u00e9galement organis\u00e9s en France afin de permettre \u00e0 chacun de se retrouver dans un but de convivialit\u00e9.<\/span><\/p>\n<p><span style=\"color: #000000;\">A travers les anciens Comptoirs, l&rsquo;Inde fait partie \u00e9galement du patrimoine culturel fran\u00e7ais\u2026<\/span><\/p>\n<p><span style=\"color: #000000;\">Les destins des deux peuples se sont crois\u00e9s pendant pr\u00e8s de trois si\u00e8cles.<\/span><\/p>\n<p><span style=\"color: #000000;\">Des complicit\u00e9s, des m\u00e9tissages en sont issus et enrichissent ainsi le patrimoine culturel mondial.<\/span><\/p>\n<p><span style=\"color: #000000;\">A l&rsquo;heure o\u00f9 la m\u00e9moire s&rsquo;effrite, il est temps de tirer profit d&rsquo;un pass\u00e9 brillant et d&rsquo;envisager un certain nombre d&rsquo;actions pour la promotion de l&rsquo;Inde francophone.<\/span><\/p>\n<p style=\"text-align: center;\"><span style=\"color: #000000;\"><strong>L&rsquo;Association \u00ab\u00a0Les Comptoirs de l&rsquo;Inde\u00a0\u00bb n&rsquo;a d&rsquo;autre ambition que le rayonnement du rayonnement culturel de l&rsquo;Inde et des anciens comptoirs fran\u00e7ais d&rsquo;histoire et de m\u00e9moire.<\/strong><\/span><\/p>\n<\/div>\n","protected":false},"excerpt":{"rendered":"<p>Depuis sa cr\u00e9ation, le 18 mai 1992, l\u2019int\u00e9r\u00eat de l\u2019Association ne s\u2019est pas limit\u00e9 aux seuls Comptoirs, mais s\u2019est \u00e9tendu \u00e0 toute l\u2019Inde. Nos activit\u00e9s englobent dor\u00e9navant l\u2019Inde dans tous ses aspects. C\u2019est ainsi que l\u2019Association a cr\u00e9\u00e9 en novembre 1997, le Centre culturel et de documentation sur l\u2019Inde qui comporte plus de 3000 livres, &hellip;<\/p>\n","protected":false},"author":1,"featured_media":0,"parent":2,"menu_order":0,"comment_status":"closed","ping_status":"closed","template":"","meta":[],"_links":{"self":[{"href":"https:\/\/www.comptoirsinde.org\/index.php?rest_route=\/wp\/v2\/pages\/114"}],"collection":[{"href":"https:\/\/www.comptoirsinde.org\/index.php?rest_route=\/wp\/v2\/pages"}],"about":[{"href":"https:\/\/www.comptoirsinde.org\/index.php?rest_route=\/wp\/v2\/types\/page"}],"author":[{"embeddable":true,"href":"https:\/\/www.comptoirsinde.org\/index.php?rest_route=\/wp\/v2\/users\/1"}],"replies":[{"embeddable":true,"href":"https:\/\/www.comptoirsinde.org\/index.php?rest_route=%2Fwp%2Fv2%2Fcomments&post=114"}],"version-history":[{"count":17,"href":"https:\/\/www.comptoirsinde.org\/index.php?rest_route=\/wp\/v2\/pages\/114\/revisions"}],"predecessor-version":[{"id":2384,"href":"https:\/\/www.comptoirsinde.org\/index.php?rest_route=\/wp\/v2\/pages\/114\/revisions\/2384"}],"up":[{"embeddable":true,"href":"https:\/\/www.comptoirsinde.org\/index.php?rest_route=\/wp\/v2\/pages\/2"}],"wp:attachment":[{"href":"https:\/\/www.comptoirsinde.org\/index.php?rest_route=%2Fwp%2Fv2%2Fmedia&parent=114"}],"curies":[{"name":"wp","href":"https:\/\/api.w.org\/{rel}","templated":true}]}}