{"id":1933,"date":"2018-10-13T12:19:59","date_gmt":"2018-10-13T12:19:59","guid":{"rendered":"http:\/\/www.comptoirsinde.org\/?page_id=1933"},"modified":"2020-10-26T20:32:05","modified_gmt":"2020-10-26T19:32:05","slug":"edition-2018-linde-des-livres","status":"publish","type":"page","link":"https:\/\/www.comptoirsinde.org\/?page_id=1933","title":{"rendered":"\u00c9dition 2018 &#8211; L\u2019Inde des Livres"},"content":{"rendered":"<p style=\"text-align: center;\">L\u2019Association \u00abLes Comptoirs de l\u2019Inde\u00bb pr\u00e9sente<\/p>\n<h1 style=\"text-align: center;\">la 8\u00e8me \u00e9dition du Salon<\/h1>\n<p style=\"text-align: center;\"><em>Sous le haut patronage\u00a0de l\u2019Ambassade de l\u2019Inde en France<\/em><\/p>\n<p style=\"text-align: center;\"><img loading=\"lazy\" class=\"aligncenter wp-image-1973 size-medium\" src=\"http:\/\/www.comptoirsinde.org\/wp\/wp-content\/uploads\/2018\/10\/fullsizeoutput_17ac-300x173.jpeg\" alt=\"\" width=\"300\" height=\"173\" srcset=\"https:\/\/www.comptoirsinde.org\/wp\/wp-content\/uploads\/2018\/10\/fullsizeoutput_17ac-300x173.jpeg 300w, https:\/\/www.comptoirsinde.org\/wp\/wp-content\/uploads\/2018\/10\/fullsizeoutput_17ac-600x346.jpeg 600w, https:\/\/www.comptoirsinde.org\/wp\/wp-content\/uploads\/2018\/10\/fullsizeoutput_17ac-768x443.jpeg 768w, https:\/\/www.comptoirsinde.org\/wp\/wp-content\/uploads\/2018\/10\/fullsizeoutput_17ac-1024x590.jpeg 1024w, https:\/\/www.comptoirsinde.org\/wp\/wp-content\/uploads\/2018\/10\/fullsizeoutput_17ac.jpeg 1641w\" sizes=\"(max-width: 300px) 100vw, 300px\" \/><\/p>\n<p style=\"text-align: center;\"><strong><br \/>\nSamedi <\/strong><strong>17 <\/strong><strong>&amp; Dimanche18 <\/strong><strong>novembre <\/strong><strong>2018\u00a0<\/strong><\/p>\n<p style=\"text-align: center;\">Entr\u00e9e libre de 10h-20h<\/p>\n<p style=\"text-align: center;\"><strong>Mairie du 20<\/strong><strong>e<\/strong><\/p>\n<p style=\"text-align: center;\">6 Place Gambetta, 75020PARIS<\/p>\n<h2>PR\u00c9SENTATION<\/h2>\n<p>La Huiti\u00e8me Edition du Salon \u00ab l\u2019Inde des Livres \u00bb, s\u2019ouvre cette ann\u00e9e dans le cadre de la comm\u00e9moration de la derni\u00e8re ann\u00e9e du Centenaire de la premi\u00e8re Guerre Mondiale qui a vu les Soldats Indiens combattre et mourir en France. C\u2019est l\u2019occasion de mettre plus que jamais en lumi\u00e8re la litt\u00e9rature et la culture de ce grand pays gr\u00e2ce aux nombreux \u00e9v\u00e8nements organis\u00e9s pendant 2 jours \u00e0 la \u00a0Mairie du 20\u00e8me de Paris. Ecrivains indiens et fran\u00e7ais, traducteurs, \u00e9diteurs et sp\u00e9cialistes du Monde Indien seront r\u00e9unis autour d\u2019un programme exceptionnel d\u2019entretiens et de rencontres th\u00e9matiques. Les visiteurs pourront d\u00e9couvrir une Grande Librairie consacr\u00e9e \u00e0 l\u2019Inde, des auteurs en d\u00e9dicace, des expositions, des ateliers et des temps d\u2019animations.<\/p>\n<h3>D\u00e9couvrez le salon en images:<\/h3>\n<p><iframe title=\"Inde des livres 2018\" width=\"1080\" height=\"608\" src=\"https:\/\/www.youtube.com\/embed\/LPZurII8GNQ?feature=oembed\" frameborder=\"0\" allow=\"accelerometer; autoplay; clipboard-write; encrypted-media; gyroscope; picture-in-picture\" allowfullscreen><\/iframe><\/p>\n<p><!--more--><\/p>\n<h3><span style=\"text-decoration: underline;\">L\u2019INVIT\u00c9 D\u2019HONNEUR<\/span><\/h3>\n<p>MAHESH RAO<img loading=\"lazy\" class=\"alignright size-medium wp-image-1964\" src=\"http:\/\/www.comptoirsinde.org\/wp\/wp-content\/uploads\/2018\/10\/MAHESH-RAO-300x267.png\" alt=\"\" width=\"300\" height=\"267\" srcset=\"https:\/\/www.comptoirsinde.org\/wp\/wp-content\/uploads\/2018\/10\/MAHESH-RAO-300x267.png 300w, https:\/\/www.comptoirsinde.org\/wp\/wp-content\/uploads\/2018\/10\/MAHESH-RAO.png 370w\" sizes=\"(max-width: 300px) 100vw, 300px\" \/><\/p>\n<p>D\u2019origine indienne, il est n\u00e9 et a grandi \u00e0 NA\u00cfROBI (Kenya).\u00a0 Il a exerc\u00e9 plusieurs m\u00e9tiers : avocat, chercheur, libraire, avant de se lancer dans l\u2019\u00e9criture. Il est actuellement install\u00e9\u00a0 \u00e0 Mysore(Karnataka) dans le Sud de l\u2019Inde son 1er roman\u00a0<i>\u00ab The Smoke is rising \u00bb <\/i>a obtenu le <i>\u00ab TATA first book award \u00bb\u00a0<\/i>pour la fiction. Son 2\u00e8me ouvrage traduit en fran\u00e7ais <i>\u00ab 1,2 milliard \u00bb <\/i>est un recueil de nouvelles de textes courts qui fait d\u00e9couvrir une partie de la r\u00e9alit\u00e9 indienne.<\/p>\n<p>Il participera au grand entretien(le samedi de 14h30 \u00e0 15h30) avec Christine RAGUET, sa traductrice, enseignante \u00e0 la Sorbonne Nouvelle. Il interviendra dans les Rencontres : <i>\u00ab L\u2019Inde\u00a0 aujourd\u2019hui \u00bb\u00a0 <\/i>et <i>\u00ab Les sexualit\u00e9s en Inde\u00bb<\/i>.<\/p>\n<h3><span style=\"text-decoration: underline;\">LA MARRAINE DUSALON<\/span><\/h3>\n<h3>K\u00c9NIZ\u00c9 MOURAD<\/h3>\n<p>Journaliste et Romanci\u00e8re, ses origines indiennes sont pour elle source d\u2019inspiration. Ses livres connaissent un succ\u00e8s mondial et sont traduits dans plusieurs langues.\u00a0Elle pr\u00e9sentera son 4\u00e8me ouvrage \u00ab Au pays des purs \u00bb son nouveau roman d\u00e9di\u00e9 aux femmes grands reporters.\u00a0Elle participera \u00e0 la rencontre sur LUCKNOW, ville \u00e0 l\u2019HonneurduSalonetd\u00e9dicacerases4romansdanslaGrande Librairie le samedi de 14h \u00e016h.<\/p>\n<h2><b>LES TEMPS FORTS:<\/b><\/h2>\n<h3><span style=\"text-decoration: underline;\"><i>Rencontres et D\u00e9bats<\/i><\/span><\/h3>\n<h4>AMINA TAHA-HUSSEIN OKADA<img loading=\"lazy\" class=\"alignright wp-image-1963\" src=\"http:\/\/www.comptoirsinde.org\/wp\/wp-content\/uploads\/2018\/10\/AMINA-TAHA-HUSSEIN-OKADA-248x300.png\" alt=\"\" width=\"134\" height=\"161\" srcset=\"https:\/\/www.comptoirsinde.org\/wp\/wp-content\/uploads\/2018\/10\/AMINA-TAHA-HUSSEIN-OKADA-248x300.png 248w, https:\/\/www.comptoirsinde.org\/wp\/wp-content\/uploads\/2018\/10\/AMINA-TAHA-HUSSEIN-OKADA.png 258w\" sizes=\"(max-width: 134px) 100vw, 134px\" \/><\/h4>\n<p>Conservateur G\u00e9n\u00e9ral au Mus\u00e9e National des\u00a0Arts Asiatiques Guimet. Elle \u00e9voquera les figures composites et bestiaire fantastique des miniatures indiennes (16\u00e8me &#8211; 19\u00e8me Si\u00e8cle). Elle interviendra seule, le samedi\u00a0de\u00a0 14h30 \u00e0 15h30 (Salle\u00a0 1)\u00a0 et d\u00e9dicacera seslivres d\u2019ART le samedi de 16h \u00e0 18h \u00e0 la GrandeLibrairie.<\/p>\n<h4>KATIA LEGERET MANOCHAYA<\/h4>\n<p><img loading=\"lazy\" class=\" wp-image-1962 alignleft\" src=\"http:\/\/www.comptoirsinde.org\/wp\/wp-content\/uploads\/2018\/10\/KATIA-LEGERET-195x300.png\" alt=\"\" width=\"104\" height=\"160\" srcset=\"https:\/\/www.comptoirsinde.org\/wp\/wp-content\/uploads\/2018\/10\/KATIA-LEGERET-195x300.png 195w, https:\/\/www.comptoirsinde.org\/wp\/wp-content\/uploads\/2018\/10\/KATIA-LEGERET.png 241w\" sizes=\"(max-width: 104px) 100vw, 104px\" \/>Professeur \u00e0 Paris8 et artiste de BH\u00c2RATANATYAM, elle\u00a0\u00a0 pr\u00e9sente\u00a0\u00a0une\u00a0\u00a0 \u00abconf\u00e9rence\u00a0\u00a0dans\u00e9e \u00bb en\u00a0lien\u00a0\u00a0 avec\u00a0\u00a0\u00a0 son\u00a0\u00a0 ouvrage\u00a0<em>\u00ab Danse et Th\u00e9\u00e2tre de l\u2019Inde : les 108 KARANA \u00bb. <\/em>Son r\u00e9pertoire est inter- pr\u00e9t\u00e9 par une danseuse\u00a0 et 2 musiciens (Chant Carnatique et l\u2019instru- ment de musique : le Mridangam) le dimanche de 14h30 \u00e0 15h30(Salle desF\u00eates).Elled\u00e9dicacera ses ouvrages le dimanche de 16h\u00e018h.<\/p>\n<h4>JEAN DELMAS<img loading=\"lazy\" class=\"alignright wp-image-1961\" src=\"http:\/\/www.comptoirsinde.org\/wp\/wp-content\/uploads\/2018\/10\/JEAN-DELMAS-205x300.png\" alt=\"\" width=\"111\" height=\"162\" srcset=\"https:\/\/www.comptoirsinde.org\/wp\/wp-content\/uploads\/2018\/10\/JEAN-DELMAS-205x300.png 205w, https:\/\/www.comptoirsinde.org\/wp\/wp-content\/uploads\/2018\/10\/JEAN-DELMAS.png 247w\" sizes=\"(max-width: 111px) 100vw, 111px\" \/><\/h4>\n<p>Ecrivain, producteur d\u2019Emissions \u00a0Radiophoniques,\u00a0photographe sp\u00e9cialiste de la couleur, collectionneur et sp\u00e9cialiste de la chromolithographie. Il pr\u00e9sentera <em>\u00ab L\u2019image de la femme dans le Panth\u00e9on Hindou \u00bb <\/em>suivi d\u2019un d\u00e9bat le dimanche de 15h \u00e0 16h. Il d\u00e9dicacera son ouvrage remarquable sur la chromolithographie <em>\u00ab Dieux de l\u2019Inde, images et signes\u00bb <\/em>le dimanche de 16h \u00e018h.<\/p>\n<h4><img loading=\"lazy\" class=\" wp-image-1960 alignleft\" src=\"http:\/\/www.comptoirsinde.org\/wp\/wp-content\/uploads\/2018\/10\/CHANTAL-JUMEL.png\" alt=\"\" width=\"136\" height=\"155\" \/>CHANTAL JUMEL<\/h4>\n<p>Les Kolams : Dessins Rituels et Eph\u00e9m\u00e8res de\u00a0l\u2019Inde. Chercheuse ind\u00e9pendante, \u00e9crivain et sp\u00e9cialiste des arts visuels et rituels de l\u2019Inde, auteur, Chantal Jumel pr\u00e9sentera les kolams avec une d\u00e9monstration de kolam par Lakshmi le dimanche de 14h\u00a0 \u00e0\u00a0 15h\u00a0 (Salle\u00a0 2). Elled\u00e9dicacerasesouvrages,ledimanchede16h\u00e018h.<\/p>\n<p><strong>UNE <\/strong><strong>VILLE <\/strong><strong>A L\u2019HONNEUR: LUCKNOW<\/strong><\/p>\n<p><strong>\u00ab LA VILLE D\u2019OR ET D\u2019ARGENT \u00bb<\/strong> D\u2019apr\u00e8s l\u2019Ouvrage de K\u00e9niz\u00e9 Mourad<\/p>\n<p><em>Capitale actuelle de l\u2019UTTAR-PRADESH, Etat le plus peupl\u00e9de l\u2019Inde et en plein d\u00e9veloppement, Lucknow a \u00e9t\u00e9 musulmane, fond\u00e9e par le Nawab ASAF-UD-DAULA en 1775. Elle a \u00e9t\u00e9 la Capitale des NAWABS d\u2019AOUDH. L\u2019architecture musulmane est pr\u00e9sente partout avec les Mausol\u00e9es des Saints Chiites et la Grande Mosqu\u00e9e d\u2019AURENGZEB. Elle a \u00e9t\u00e9 le th\u00e9\u00e2tre de la sanglante\u00a0<\/em><em>\u00ab R\u00e9volte des Cipayes \u00bb en 1857 avec des milliers de morts indiens et anglais, ces derniers assi\u00e9g\u00e9s dans le quartier europ\u00e9en :LA RESIDENCY.<\/em><\/p>\n<p><em>Lucknow <\/em><em>est aussi connue pour ses 2 coll\u00e8ges r\u00e9put\u00e9s(celui des gar\u00e7ons et celui des filles) : LES MARTINIERES situ\u00e9s dans un ch\u00e2teau gothique construit en 1793 par l\u2019aventurier fran\u00e7aisClaude MARTIN originaire de LYON. Un coll\u00e8ge La Martini\u00e8re existe \u00e0\u00a0<\/em><em>Lyon<\/em><em>et un autre \u00e0 Calcutta. Luck now est aussi connue pour ses c\u00e9l\u00e8bres broderies. Une rencontre est pr\u00e9vue le samedi de 15h30 \u00e0 17h (salle2) avec K\u00e9niz\u00e9 Mourad, Danielle Martinod (charg\u00e9e des relations entre les coll\u00e8ges Martini\u00e8res)\u00a0<\/em><em>et Isabelle MILBERT, professeur \u00e0 l\u2019Institut des Hautes Etudes Internationales et du D\u00e9veloppement.<\/em><\/p>\n<h2><strong>SOIREE\u00a0<\/strong><strong>CINEMA<\/strong><strong>: LE SALON HORS LES MURS<\/strong><\/h2>\n<ul>\n<li style=\"text-align: left;\">Le Jeudi 15 Novembre \u00e0 19h, en <strong>avant premi\u00e8re<\/strong> du Salon dans l&rsquo;auditorium de la <strong>M\u00e9diath\u00e8que Marguerite Dumas <\/strong><em>(115 Rue de BAGNOLET, 75020 PARIS):<\/em><\/li>\n<\/ul>\n<h3><span style=\"text-decoration: underline;\">H\u00d4TEL SALVATION<\/span><\/h3>\n<p>Film de <strong>SHUBHASHISH BHUTIANI<\/strong>\u00a0sous-titr\u00e9 en fran\u00e7ais et pr\u00e9sent\u00e9 par la soci\u00e9t\u00e9 de production distribution: JUPITER FILMS. Le film fait r\u00e9f\u00e9rence aux \u00abH\u00d4TELS DU SALUT\u00bb de la\u00a0ville Sainte de B\u00e9nar\u00e8s au bord du Gange o\u00f9 un d\u00e9vot hindou vient pour mourir et atteindre son salut afin d\u2019\u00e9chapper \u00e0 la r\u00e9incarnation. Il est accompagn\u00e9 de son fils qui laisse son travail, son \u00e9pouse et sa fille pour suivre son p\u00e8re. C\u2019est un film chaleureux et tendre sur la relation p\u00e8re-fils et la c\u00e9r\u00e9monie des rites hindous de la mort.<\/p>\n<h5><\/h5>\n<ul>\n<li>LE SAMEDI 17 NOVEMBRE \u00c0 14h30\u00a0<strong><em>AU CENTRE CULTUREL du 20\u00e8me \u00a0au\u00a0<\/em><\/strong><strong><em>PAVILLON CARRE DE BAUDOIN\u00a0<\/em><\/strong><em>(121 Rue de Menilmontant, 75020 PARIS),\u00a0<\/em><em>qui accueillera une fois de plus le Salon <strong>\u00ab L\u2019Inde des Livres \u00bb:<\/strong><\/em><\/li>\n<\/ul>\n<h3><span style=\"text-decoration: underline;\">RAHMLACLEMENCE<\/span><\/h3>\n<p>D\u2019apr\u00e8s <em>\u00ab Mesure pour Mesure \u00bb\u00a0<\/em>de William SHAKESPEARE\u00a0pr\u00e9sent\u00e9 par la soci\u00e9t\u00e9 de production distribution\u00a0JUPITER FILMS.\u00a0R\u00e9unissant les plus grands com\u00e9diens, ce film est un\u00a0appel\u00a0 \u00e0 la tol\u00e9rance et au pardon dans le Monde Musulman.\u00a0C\u2019est le choix d\u2019une s\u0153ur entre son hon- neuretsauversonfr\u00e8re desonex\u00e9cutionparungouverneur sanguinaire qui lad\u00e9sire.<\/p>\n<h2><strong>Les Rencontres th\u00e9matiques\u00a0anim\u00e9es par des sp\u00e9cialistes du monde\u00a0indien:<\/strong><\/h2>\n<h4><span style=\"text-decoration: underline;\">LE SAMEDI 17 Novembre :<\/span><\/h4>\n<ul>\n<li><strong>14h30 \u00e0 15h30<\/strong><em>(Salles des F\u00eates)<\/em><\/li>\n<\/ul>\n<p>GRAND ENTRETIEN avec MAHESHRAO<\/p>\n<ul>\n<li><strong>14h30 \u00e0 15h30 <\/strong><em>(<\/em><em>Salle 1) :\u00a0<\/em>LE BESTIAIRE FANTASTIQUE\u00a0<em>dans les miniatures indiennes (16\u00e8me-19\u00e8me si\u00e8cle)<\/em><\/li>\n<\/ul>\n<ul>\n<li><strong>15h30 \u00e0 17h :\u00a0<\/strong>L\u2019INDE AUJOURD\u2019HUI<\/li>\n<\/ul>\n<ul>\n<li><strong>17h \u00e0 18h30 :\u00a0<\/strong>LA BANDE DESSINEE et L\u2019INDE<\/li>\n<\/ul>\n<ul>\n<li><strong>14h \u00e0 15h30 <\/strong>(Salle 2) : MAITRISER LA NEGOCIATION INDIENNE : CLE DE LA REUSSITE.<\/li>\n<\/ul>\n<ul>\n<li><strong>15h30 \u00e0 17h30:<\/strong>LUCKNOW VILLE A L\u2019HONNEUR<\/li>\n<\/ul>\n<ul>\n<li><strong>17h \u00e0 18h30 :\u00a0<\/strong>LES TROUPES INDIENNES EN FRANCE EN 14-18<\/li>\n<\/ul>\n<h4><span style=\"text-decoration: underline;\"><strong>LE DIMANCHE 18 Novembre :<\/strong><\/span><\/h4>\n<ul>\n<li><strong><em>14h \u00e0 15h30 <\/em><\/strong><em>(<\/em><em>Salle 1) :\u00a0<\/em>LE YOGA ET L\u2019HINDOUISME<\/li>\n<\/ul>\n<ul>\n<li><strong><em>15h30 \u00e0 17h :\u00a0<\/em><\/strong>ATELIER DE TRADUCTION<\/li>\n<\/ul>\n<ul>\n<li><strong><em>17h \u00e0 18h30 :\u00a0<\/em><\/strong>L\u2019INDE ET MALRAUX<\/li>\n<\/ul>\n<ul>\n<li><strong><em>14h \u00e0 15h <\/em><\/strong><em>(Salle 2) :\u00a0<\/em>LES KOLAMS : DESSINS RITUELS ET EPHEMERES DE L\u2019INDE DU SUD<\/li>\n<\/ul>\n<ul>\n<li><strong><em>15h \u00e0 16h :\u00a0<\/em><\/strong>IMAGE DE LA FEMME DANS LE PANTHEON HINDOU<\/li>\n<\/ul>\n<ul>\n<li><strong><em>16h \u00e0 17h30 :\u00a0<\/em><\/strong>LES SEXUALITES EN INDE<\/li>\n<\/ul>\n<ul>\n<li><strong><em>17h30 \u00e0 18h30 :\u00a0<\/em><\/strong>L\u2019INDE ET L\u2019ITALIE : UN REGARD DEPUIS LA FRANCE<\/li>\n<\/ul>\n<p><img loading=\"lazy\" class=\"alignright size-full wp-image-1970\" src=\"http:\/\/www.comptoirsinde.org\/wp\/wp-content\/uploads\/2018\/10\/logo-mairie-de-paris-20.png\" alt=\"\" width=\"152\" height=\"37\" srcset=\"https:\/\/www.comptoirsinde.org\/wp\/wp-content\/uploads\/2018\/10\/logo-mairie-de-paris-20.png 152w, https:\/\/www.comptoirsinde.org\/wp\/wp-content\/uploads\/2018\/10\/logo-mairie-de-paris-20-150x37.png 150w\" sizes=\"(max-width: 152px) 100vw, 152px\" \/> <img loading=\"lazy\" class=\"alignright size-full wp-image-1971\" src=\"http:\/\/www.comptoirsinde.org\/wp\/wp-content\/uploads\/2018\/10\/logo-mairie-de-paris.png\" alt=\"\" width=\"212\" height=\"25\" \/> <img loading=\"lazy\" class=\"alignright size-full wp-image-1969\" src=\"http:\/\/www.comptoirsinde.org\/wp\/wp-content\/uploads\/2018\/10\/logo-incredible-india.png\" alt=\"\" width=\"160\" height=\"31\" \/> <img loading=\"lazy\" class=\"alignright size-full wp-image-1968\" src=\"http:\/\/www.comptoirsinde.org\/wp\/wp-content\/uploads\/2018\/10\/air-india.png\" alt=\"\" width=\"166\" height=\"54\" \/><\/p>\n<p><em><em style=\"text-align: center;\"><img loading=\"lazy\" class=\"wp-image-1965 alignright\" src=\"http:\/\/www.comptoirsinde.org\/wp\/wp-content\/uploads\/2018\/10\/logo-ambassade.png\" alt=\"\" width=\"58\" height=\"99\" \/><\/em><\/em><\/p>\n","protected":false},"excerpt":{"rendered":"<p>L\u2019Association \u00abLes Comptoirs de l\u2019Inde\u00bb pr\u00e9sente la 8\u00e8me \u00e9dition du Salon Sous le haut patronage\u00a0de l\u2019Ambassade de l\u2019Inde en France Samedi 17 &amp; Dimanche18 novembre 2018\u00a0 Entr\u00e9e libre de 10h-20h Mairie du 20e 6 Place Gambetta, 75020PARIS PR\u00c9SENTATION La Huiti\u00e8me Edition du Salon \u00ab l\u2019Inde des Livres \u00bb, s\u2019ouvre cette ann\u00e9e dans le cadre de &hellip;<\/p>\n","protected":false},"author":2,"featured_media":0,"parent":110,"menu_order":1,"comment_status":"closed","ping_status":"closed","template":"","meta":[],"_links":{"self":[{"href":"https:\/\/www.comptoirsinde.org\/index.php?rest_route=\/wp\/v2\/pages\/1933"}],"collection":[{"href":"https:\/\/www.comptoirsinde.org\/index.php?rest_route=\/wp\/v2\/pages"}],"about":[{"href":"https:\/\/www.comptoirsinde.org\/index.php?rest_route=\/wp\/v2\/types\/page"}],"author":[{"embeddable":true,"href":"https:\/\/www.comptoirsinde.org\/index.php?rest_route=\/wp\/v2\/users\/2"}],"replies":[{"embeddable":true,"href":"https:\/\/www.comptoirsinde.org\/index.php?rest_route=%2Fwp%2Fv2%2Fcomments&post=1933"}],"version-history":[{"count":13,"href":"https:\/\/www.comptoirsinde.org\/index.php?rest_route=\/wp\/v2\/pages\/1933\/revisions"}],"predecessor-version":[{"id":2754,"href":"https:\/\/www.comptoirsinde.org\/index.php?rest_route=\/wp\/v2\/pages\/1933\/revisions\/2754"}],"up":[{"embeddable":true,"href":"https:\/\/www.comptoirsinde.org\/index.php?rest_route=\/wp\/v2\/pages\/110"}],"wp:attachment":[{"href":"https:\/\/www.comptoirsinde.org\/index.php?rest_route=%2Fwp%2Fv2%2Fmedia&parent=1933"}],"curies":[{"name":"wp","href":"https:\/\/api.w.org\/{rel}","templated":true}]}}