{"id":209,"date":"2013-02-28T16:30:23","date_gmt":"2013-02-28T16:30:23","guid":{"rendered":"http:\/\/www.comptoirsinde.org\/wp\/"},"modified":"2020-05-28T01:17:40","modified_gmt":"2020-05-27T23:17:40","slug":"le-escapades","status":"publish","type":"page","link":"https:\/\/www.comptoirsinde.org\/?page_id=209","title":{"rendered":"Participer \u00e0 nos voyages"},"content":{"rendered":"<p>Depuis sa cr\u00e9ation en 1992, l\u2019Association organise 2 types de voyage. Pour connaitre le d\u00e9tail les circuits propos\u00e9s, demandez nous le programme des ann\u00e9es pr\u00e9c\u00e9dentes par mail \u00e0 <a href=\"mailto:comptoirs-inde@wanadoo.fr\">comptoirs-inde@wanadoo.fr<\/a><\/p>\n<p>Un voyage dans les 5 anciens comptoirs de l&rsquo;Inde. On d\u00e9couvre ensemble l&rsquo;histoire des ces comptoirs sur le terrain et les traces de l&rsquo;occupation fran\u00e7aise qui existent encore.<\/p>\n<p>Un second voyage sur un circuit sp\u00e9cifique dans l&rsquo;Inde. Vous pouvez d\u00e9couvrir nos pr\u00e9c\u00e9dents circuits pour avoir quelques exemples. Et le prochain circuit sera disponible un an avant.<\/p>\n<p style=\"text-align: center;\">N&rsquo;h\u00e9sitez pas \u00e0 demander \u00e0 recevoir les newsletter pour \u00eatre le premier inform\u00e9.<\/p>\n<p><span style=\"color: #ff0000;\"><strong>Le voyage des 5 Comptoirs\u00a0:<\/strong><\/span><\/p>\n<p>Evoquer la pr\u00e9sence fran\u00e7aise en Inde \u00e0 partir des 5 Comptoirs est l\u2019image de marque de l\u2019Association. Sans fausse modestie, nous pensons avoir apport\u00e9 notre contribution \u00e0 faire conna\u00eetre les Comptoirs aux Fran\u00e7ais.<\/p>\n<p>Nous sommes les seuls \u00e0 pr\u00e9senter ce voyage qui comprend\u00a0:<\/p>\n<figure id=\"attachment_335\" aria-describedby=\"caption-attachment-335\" style=\"width: 180px\" class=\"wp-caption alignleft\"><a href=\"http:\/\/www.comptoirsinde.org\/wp\/wp-content\/uploads\/2013\/03\/Karikal-l\u00e9glise.jpg\"><img loading=\"lazy\" class=\"size-medium wp-image-335 \" title=\"Une \u00e9glise \u00e0 Karikal\" src=\"http:\/\/www.comptoirsinde.org\/wp\/wp-content\/uploads\/2013\/03\/Karikal-l\u00e9glise-225x300.jpg\" alt=\"\" width=\"180\" height=\"240\" srcset=\"https:\/\/www.comptoirsinde.org\/wp\/wp-content\/uploads\/2013\/03\/Karikal-l\u00e9glise-225x300.jpg 225w, https:\/\/www.comptoirsinde.org\/wp\/wp-content\/uploads\/2013\/03\/Karikal-l\u00e9glise-600x800.jpg 600w, https:\/\/www.comptoirsinde.org\/wp\/wp-content\/uploads\/2013\/03\/Karikal-l\u00e9glise-768x1024.jpg 768w, https:\/\/www.comptoirsinde.org\/wp\/wp-content\/uploads\/2013\/03\/Karikal-l\u00e9glise-scaled.jpg 1920w\" sizes=\"(max-width: 180px) 100vw, 180px\" \/><\/a><figcaption id=\"caption-attachment-335\" class=\"wp-caption-text\">Une \u00e9glise \u00e0 Karikal<\/figcaption><\/figure>\n<p>&#8211; La visite de Chandernagor, Yanaon, Pondich\u00e9ry, Karikal et Mah\u00e9.<\/p>\n<p>&#8211; La rencontre avec la communaut\u00e9 francophone de ces villes, et avec les principales institutions.<\/p>\n<p>&#8211; La visite des sites\u00a0: les forts, les instituts, les \u00e9coles indiennes qui enseignent le fran\u00e7ais, les cimeti\u00e8res fran\u00e7ais, les \u00e9glises, les temples, les mosqu\u00e9es\u2026.etc<\/p>\n<p>Ce voyage est propos\u00e9 tous les 2 ans sur 3 semaines.<\/p>\n<figure style=\"width: 240px\" class=\"wp-caption aligncenter\"><a href=\"http:\/\/www.comptoirsinde.org\/wp\/wp-content\/uploads\/2013\/03\/Mah\u00e9-la-promenade.jpg\"><img loading=\"lazy\" title=\"La promenade \u00e0 Mah\u00e9\" src=\"http:\/\/www.comptoirsinde.org\/wp\/wp-content\/uploads\/2013\/03\/Mah\u00e9-la-promenade-300x225.jpg\" alt=\"\" width=\"240\" height=\"180\" \/><\/a><figcaption class=\"wp-caption-text\">La promenade \u00e0 Mah\u00e9<\/figcaption><\/figure>\n<h3><span style=\"color: #ff0000;\"><strong>Autres circuits :<\/strong><\/span><\/h3>\n<p>L\u2019Association propose tous les 2 ans un voyage de 2 semaines sur les circuits suivants :<\/p>\n<ul>\n<li>\u00a0<strong>L\u2019Inde du Nord\u00a0:<\/strong> Amristar, Chandigarh, Rishikesh, Dharamsala, Delhi.<\/li>\n<li><strong>Le Rajasthan<\/strong> et ses grandes villes.<\/li>\n<li><strong>L\u2019Uttar Pradesh :<\/strong> Agra, Khajuraho, Lucknow, Benar\u00e8s, Sarnath, Bodhgaya, Ranchi, Calcutta.<\/li>\n<li><strong>Le Karnataka :<\/strong> de Bangalore \u00e0 Bombay par Goa, Badami, Hampi.<\/li>\n<li><strong>Le Kerala<\/strong><\/li>\n<li><strong>Le Tamil Nadu<\/strong><\/li>\n<\/ul>\n","protected":false},"excerpt":{"rendered":"<p>Depuis sa cr\u00e9ation en 1992, l\u2019Association organise 2 types de voyage. Pour connaitre le d\u00e9tail les circuits propos\u00e9s, demandez nous le programme des ann\u00e9es pr\u00e9c\u00e9dentes par mail \u00e0 comptoirs-inde@wanadoo.fr Un voyage dans les 5 anciens comptoirs de l&rsquo;Inde. On d\u00e9couvre ensemble l&rsquo;histoire des ces comptoirs sur le terrain et les traces de l&rsquo;occupation fran\u00e7aise qui &hellip;<\/p>\n","protected":false},"author":2,"featured_media":0,"parent":0,"menu_order":0,"comment_status":"closed","ping_status":"closed","template":"","meta":[],"_links":{"self":[{"href":"https:\/\/www.comptoirsinde.org\/index.php?rest_route=\/wp\/v2\/pages\/209"}],"collection":[{"href":"https:\/\/www.comptoirsinde.org\/index.php?rest_route=\/wp\/v2\/pages"}],"about":[{"href":"https:\/\/www.comptoirsinde.org\/index.php?rest_route=\/wp\/v2\/types\/page"}],"author":[{"embeddable":true,"href":"https:\/\/www.comptoirsinde.org\/index.php?rest_route=\/wp\/v2\/users\/2"}],"replies":[{"embeddable":true,"href":"https:\/\/www.comptoirsinde.org\/index.php?rest_route=%2Fwp%2Fv2%2Fcomments&post=209"}],"version-history":[{"count":23,"href":"https:\/\/www.comptoirsinde.org\/index.php?rest_route=\/wp\/v2\/pages\/209\/revisions"}],"predecessor-version":[{"id":2642,"href":"https:\/\/www.comptoirsinde.org\/index.php?rest_route=\/wp\/v2\/pages\/209\/revisions\/2642"}],"wp:attachment":[{"href":"https:\/\/www.comptoirsinde.org\/index.php?rest_route=%2Fwp%2Fv2%2Fmedia&parent=209"}],"curies":[{"name":"wp","href":"https:\/\/api.w.org\/{rel}","templated":true}]}}