{"id":2323,"date":"2019-07-28T00:33:11","date_gmt":"2019-07-27T22:33:11","guid":{"rendered":"http:\/\/www.comptoirsinde.org\/?page_id=2323"},"modified":"2019-07-28T00:45:38","modified_gmt":"2019-07-27T22:45:38","slug":"le-voyage-janvier-2020-au-gujarat","status":"publish","type":"page","link":"https:\/\/www.comptoirsinde.org\/?page_id=2323","title":{"rendered":"Le Voyage Janvier 2020 au GUJARAT"},"content":{"rendered":"\n<figure class=\"wp-block-image\"><img loading=\"lazy\" width=\"1024\" height=\"351\" src=\"http:\/\/www.comptoirsinde.org\/wp\/wp-content\/uploads\/2019\/07\/Capture-d\u2019\u00e9cran-2019-07-28-\u00e0-00.07.05-1024x351.png\" alt=\"\" class=\"wp-image-2326\" srcset=\"https:\/\/www.comptoirsinde.org\/wp\/wp-content\/uploads\/2019\/07\/Capture-d\u2019\u00e9cran-2019-07-28-\u00e0-00.07.05-1024x351.png 1024w, https:\/\/www.comptoirsinde.org\/wp\/wp-content\/uploads\/2019\/07\/Capture-d\u2019\u00e9cran-2019-07-28-\u00e0-00.07.05-600x206.png 600w, https:\/\/www.comptoirsinde.org\/wp\/wp-content\/uploads\/2019\/07\/Capture-d\u2019\u00e9cran-2019-07-28-\u00e0-00.07.05-300x103.png 300w, https:\/\/www.comptoirsinde.org\/wp\/wp-content\/uploads\/2019\/07\/Capture-d\u2019\u00e9cran-2019-07-28-\u00e0-00.07.05-768x263.png 768w, https:\/\/www.comptoirsinde.org\/wp\/wp-content\/uploads\/2019\/07\/Capture-d\u2019\u00e9cran-2019-07-28-\u00e0-00.07.05.png 1942w\" sizes=\"(max-width: 1024px) 100vw, 1024px\" \/><\/figure>\n\n\n\n<p style=\"text-align: left;\" data-tadv-p=\"keep\">L&rsquo;association Les comptoirs de l&rsquo;Inde organise son voyage 2020 du 26 janvier au 9 f\u00e9vrier 2020 dans la r\u00e9gion du Gujarat en Inde. &nbsp;Les voyageurs auront l&rsquo;occasion de d\u00e9couvrir pendant 15 jours cette r\u00e9gion, qui est baign\u00e9e par les eaux azur de la mer d\u2019Oman, rec\u00e8le des tr\u00e9sors remontants aux civilisations des vall\u00e9es d&rsquo;il y\u2019a plus de 4500 ans. C&rsquo;est aussi le pays natal de Mahatma Gandhi.<\/p>\n\n\n\n<h2><strong>Le programme de ce voyage:<\/strong><\/h2>\n\n\n\n<p><span class=\"Apple-converted-space\">&nbsp;<\/span><b>Jour 01 \u2013 26\/01\/2020 \u2013 dimanche &#8211; Europe \/ Ahmedabad &#8211; par avion<span class=\"Apple-converted-space\">&nbsp;<\/span><\/b><\/p>\n<p>Repas et nuit \u00e0 bord.<span class=\"Apple-converted-space\">&nbsp;<\/span><\/p>\n<p><b>Jour 02 \u2013 27\/01\/2020 \u2013 lundi &#8211; Ahmedabad \u2013 (D\u00e9jeuner + D\u00eener)<span class=\"Apple-converted-space\">&nbsp;<\/span><\/b><\/p>\n<p>Arriv\u00e9e dans la matin\u00e9e \u00e0 Ahmedabad, connue comme <i>\u00ab\u00a0Manchester de l&rsquo;Orient\u00a0\u00bb <\/i>gr\u00e2ce \u00e0 ses nombreuses manufactures de textiles et par son m\u00e9lange d&rsquo;architecture hindou &#8211; islamique. A l\u2019arriv\u00e9e installation \u00e0 l\u2019h\u00f4tel. Ensuite d\u00e9but de la visite de la ville d\u2019Ahmedabad. Visite : Adalaj Vav, puit \u00e0 degr\u00e9, l\u2019un de meilleurs exemples de puits \u00e0 degr\u00e9s du Gujarat. Construit en 1499 par la reine Rudabai, \u00e9pouse du chef Vaghela, Veersinh, ce vav (baoli ou puit souterrain), \u00e0 galeries, parements sont rev\u00eatus de dalles de pierre sculpt\u00e9e a servi de lieu de repos pour des centaines d&rsquo;ann\u00e9es pour de nombreux p\u00e8lerins et caravanes le long de leurs routes commerciales. Nuit \u00e0 l\u2019h\u00f4tel<span class=\"Apple-converted-space\">&nbsp;<\/span><\/p>\n<p><b>Jour 03 \u2013 28\/01\/2020 \u2013 mardi &#8211; Ahmedabad &#8211; <\/b>(Pt. D\u00e9j. + D\u00e9jeuner + D\u00eener)<span class=\"Apple-converted-space\">&nbsp;<\/span><\/p>\n<p>Petit d\u00e9jeuner \u00e0 l\u2019h\u00f4tel. La matin\u00e9e consacr\u00e9e \u00e0 la visite du Sabarmati Ashram appel\u00e9 aussi Satyagraha Ashram (<i>Ashram de la non-violence<\/i>) fond\u00e9 en 1917 par le Mahatma Gandhi sur les berges du fleuve SABARMATI o\u00f9 il apprit l\u2019art de filer et de tisser, mais aussi une mani\u00e8re de penser. L\u2019apr\u00e8s-midi visite de la ville d\u2019Ahmedabad. Visite : Magnifique Jali (<i>fen\u00eatres de marbre ajour\u00e9es<\/i>) de la mosqu\u00e9e Sidi Sayad, \u00ab JHULTA-MINARA \u00bb (Minarets tremblants, de caract\u00e8re fac\u00e9tieux), ils sont ludiques mais avec un soup\u00e7on de myst\u00e8re. Retour et nuit \u00e0 l\u2019h\u00f4tel.<span class=\"Apple-converted-space\">&nbsp;<\/span><\/p>\n<p><b>Jour 04 \u2013 29\/01\/2020 \u2013 mercredi &#8211; Ahmedabad \/ Rajkot \u2013 246 Km &#8211; (Pt. D\u00e9j. + D\u00e9jeuner + D\u00eener)<span class=\"Apple-converted-space\">&nbsp;<\/span><\/b><\/p>\n<p>Petit d\u00e9jeuner. Ensuite d\u00e9part par la route vers Rajkot, capitale de l\u2019\u00c9tat princier de Saurashtra. Mahatma Gandhi a pass\u00e9 son enfance \u00e0 Rajkot. En cours de route arr\u00eat \u00e0 Sarkhej et visite des b\u00e2timents : pavillons, mausol\u00e9es et mosqu\u00e9es \u00e9difi\u00e9s au XVe si\u00e8cle autour d\u2019un kund (bassin \u00e0 degr\u00e9s). Ensemble est une cr\u00e9ation du Sultan Mohamed Shah et de son fils Mahmud Begarha. Continuation vers Rajakot. A l\u2019arriv\u00e9e installation \u00e0 l\u2019h\u00f4tel. L\u2019apr\u00e8s-midi visite de \u00ab <i>Kaba Gandhi no Delo <\/i>\u00bb, maison o\u00f9 vivait Mahatma Gandhi, devenue un mus\u00e9e. Ensuite visite de l\u2019H\u00f4pital des oiseaux, puis promenade dans les bazars anim\u00e9s de Rajkot. Retour et nuit \u00e0 l\u2019h\u00f4tel.<span class=\"Apple-converted-space\">&nbsp;<\/span><\/p>\n<p><b>Jour 05 \u2013 30\/01\/2020 \u2013 jeudi &#8211; Rajkot \/ Porbandar \u2013 185 Km &#8211; <\/b>(Pt. D\u00e9j. + D\u00e9jeuner + D\u00eener)<span class=\"Apple-converted-space\">&nbsp;<\/span><\/p>\n<p>Petit d\u00e9jeuner. Ensuite d\u00e9part pour Porbandar, la ville natale de Mahatma Gandhi, n\u00e9 le 2 octobre 1869. Ville portuaire et ancien centre commercial prosp\u00e8re pendant des si\u00e8cles, elle est maintenant une ville industrielle avec des usines chimiques. A l\u2019arriv\u00e9e installation \u00e0 l\u2019h\u00f4tel. L\u2019apr\u00e8s-midi visite de la maison natale du Mahatma Gandhi et le m\u00e9morial Kirti Mandir \u00e9rig\u00e9 en hommage \u00e0 Gandhi en 1950. Puis une promenade \u00e0 la plage. Nuit \u00e0 l\u2019h\u00f4tel.<span class=\"Apple-converted-space\">&nbsp;<\/span><\/p>\n<p><b>Jour 06 \u2013 31\/01\/2020 \u2013 vendredi &#8211; Porbandar \/ Junagadh \/ Sasan Gir \u2013 160 Km &#8211; <\/b>(Pt. D\u00e9j. + D\u00e9jeuner + D\u00eener)<span class=\"Apple-converted-space\">&nbsp;<\/span><\/p>\n<p>Petit d\u00e9jeuner. D\u00e9part pour <b>Sasan Gir <\/b>en cours de route arr\u00eat \u00e0 <b>Junagadh <\/b>et visite de Mahabat Maqbara, le mausol\u00e9e d\u2019un Nabab de Junagadh, exemple d\u2019architecture indo-islamique du Gujarat. C\u2019est l\u00e0 que se trouve le fameux Edit d\u2019Ashoka grav\u00e9 dans le roc en 250 avant J.C. Visite de l\u2019impressionnante forteresse d\u2019<b>Uperkot <\/b>qui abrite aussi bien des temples hindous que des mosqu\u00e9es. Continuation pour Sasan Gir. A l\u2019arriv\u00e9e Installation et nuit \u00e0 l\u2019h\u00f4tel.<span class=\"Apple-converted-space\">&nbsp;<\/span><\/p>\n<p><b>Jour 07 \u2013 01\/02\/2020 \u2013 Samedi &#8211; Sasan Gir \/ Somnath \/ Diu\u2013 130 Km &#8211; (Pt. D\u00e9j. + D\u00e9jeuner + D\u00eener)<span class=\"Apple-converted-space\">&nbsp;<\/span><\/b><\/p>\n<p>T\u00f4t le matin, safari dans le parc national, dernier abri pour les lions asiatiques. On y trouve aussi des antilopes, des l\u00e9opards, des oiseaux exotiques. Ensuite d\u00e9part pour <b>Diu <\/b>qui est une \u00eele situ\u00e9e l\u00e9g\u00e8rement au large de la c\u00f4te de <b>Kathiawad <\/b>pr\u00e8s du port de Veraval distant d\u2019environ 768 kilom\u00e8tres de Daman, capitale du territoire de l\u2019Union nouvellement form\u00e9 de Daman et Diu (<i>ancien Comptoir Portugais<\/i>). En cours de route visite du temple de <b>Somnath <\/b>qui est l\u2019un des douze lieux saints les plus sacr\u00e9s, consacr\u00e9 \u00e0 Shiva. Selon la l\u00e9gende, il fut reconstruit sept fois jusqu&rsquo;en 1706, et pill\u00e9 par l&#8217;empereur moghol Aurangzeb. Finalement reconstruit en 1951 sur le site d\u2019origine en bord de mer. Le temple est situ\u00e9 de mani\u00e8re \u00e0 ce qu&rsquo;il n&rsquo;y ait aucune terre depuis son emplacement jusqu\u2019au P\u00f4le Sud indiqu\u00e9 par une fl\u00e8che. A l\u2019arriv\u00e9e \u00e0 Diu installation \u00e0 l\u2019h\u00f4tel. Ensuite visite de la ville : Le Fort de Diu, construit au 16\u00e8me si\u00e8cle, abrite un phare et une prison, l\u2019\u00e9glise Saint-Paul et le temple Gangeshwar. Nuit \u00e0 l\u2019h\u00f4tel.<span class=\"Apple-converted-space\">&nbsp;<\/span><\/p>\n<p><b>Jour 08 \u2013 02\/02\/2020 \u2013 dimanche &#8211; Diu \/ Palitana (Bhavnagar) \u2013 175 Km &#8211; <\/b>(Pt. D\u00e9j. + D\u00e9jeuner + D\u00eener)<\/p>\n<p><span class=\"Apple-converted-space\"> <img loading=\"lazy\" class=\" wp-image-2327 alignright\" src=\"http:\/\/www.comptoirsinde.org\/wp\/wp-content\/uploads\/2019\/07\/0ff28e39ccc2fced4a499dbe2c8f1b93-300x225.jpg\" alt=\"\" width=\"243\" height=\"182\" srcset=\"https:\/\/www.comptoirsinde.org\/wp\/wp-content\/uploads\/2019\/07\/0ff28e39ccc2fced4a499dbe2c8f1b93-300x225.jpg 300w, https:\/\/www.comptoirsinde.org\/wp\/wp-content\/uploads\/2019\/07\/0ff28e39ccc2fced4a499dbe2c8f1b93-600x450.jpg 600w, https:\/\/www.comptoirsinde.org\/wp\/wp-content\/uploads\/2019\/07\/0ff28e39ccc2fced4a499dbe2c8f1b93-768x576.jpg 768w, https:\/\/www.comptoirsinde.org\/wp\/wp-content\/uploads\/2019\/07\/0ff28e39ccc2fced4a499dbe2c8f1b93.jpg 1024w\" sizes=\"(max-width: 243px) 100vw, 243px\" \/><\/span><\/p>\n<p>Petit d\u00e9jeuner. Matin\u00e9e libre autour de la piscine ou \u00e0 la plage. L\u2019apr\u00e8s-midi<br>d\u00e9part par la route vers Palitana une des villes sacr\u00e9es et la plus importante du ja\u00efnisme. A l\u2019arriv\u00e9e installation \u00e0 l\u2019h\u00f4tel. Si le temps le permet une promenade \u00e0 pied dans les bazars de la ville. Nuit \u00e0 l\u2019h\u00f4tel.<span class=\"Apple-converted-space\">&nbsp;<\/span><\/p>\n\n\n\n<p><strong>Jour 09 \u2013 03\/02\/2020 \u2013 lundi &#8211; Palitana \/ Lothal \/ Vadodara &#8211; 270 Km &#8211; (Pt. D\u00e9j. + D\u00e9jeuner + D\u00eener)&nbsp;<\/strong><\/p>\n\n\n\n<p>Apr\u00e8s le petit d\u00e9jeuner t\u00f4t le matin une mont\u00e9e de plus des 3900 marches de la colline, <em>Shatrunjaya <\/em>600 m\u00e8tres d\u2019altitude conduit au pied de la forteresse du X\u00e8me si\u00e8cle. Le mur d\u2019enceinte entoure les 863 temples \u00e9difi\u00e9s entre le X\u00e8me et XIX\u00e8me si\u00e8cle. Visite du principal ensemble de temples. <strong><em>(Possibilit\u00e9 de monter \u00e0 pied ou en doli, (palanquins) chaise \u00e0 porteurs payantes \u00e0 r\u00e9gler sur place (environ 35\/50 \u20ac par personne et)<\/em>. <\/strong>Ensuite d\u00e9part pour <strong>Vadodara<\/strong>. <\/p>\n\n\n\n<p>En cours de route visite de <strong>Lothal<\/strong>, une des plus importantes villes de la civilisation de la vall\u00e9e de l\u2019Indus. Le site de <strong>Lothal<\/strong>, bien que maintenant distant de la mer de 15 kilom\u00e8tres, \u00e9tait une ville portuaire il y a plus de 4 000 ans, on date l\u2019endroit \u00e0 2 500 ans avant J.-C. D\u00e9couverte en 1954, plus de six ans de travaux furent n\u00e9cessaires pour d\u00e9gager les vestiges. Reli\u00e9e \u00e0 d\u2019autres villes aux alentours, <strong>Lothal <\/strong>fut un centre commercial prosp\u00e8re en son temps. <\/p>\n\n\n\n<div class=\"wp-block-image\"><figure class=\"alignright\"><img loading=\"lazy\" width=\"1114\" height=\"534\" src=\"http:\/\/www.comptoirsinde.org\/wp\/wp-content\/uploads\/2019\/07\/Capture-d\u2019\u00e9cran-2019-07-28-\u00e0-00.16.51.png\" alt=\"\" class=\"wp-image-2328\" srcset=\"https:\/\/www.comptoirsinde.org\/wp\/wp-content\/uploads\/2019\/07\/Capture-d\u2019\u00e9cran-2019-07-28-\u00e0-00.16.51.png 1114w, https:\/\/www.comptoirsinde.org\/wp\/wp-content\/uploads\/2019\/07\/Capture-d\u2019\u00e9cran-2019-07-28-\u00e0-00.16.51-600x288.png 600w, https:\/\/www.comptoirsinde.org\/wp\/wp-content\/uploads\/2019\/07\/Capture-d\u2019\u00e9cran-2019-07-28-\u00e0-00.16.51-300x144.png 300w, https:\/\/www.comptoirsinde.org\/wp\/wp-content\/uploads\/2019\/07\/Capture-d\u2019\u00e9cran-2019-07-28-\u00e0-00.16.51-768x368.png 768w, https:\/\/www.comptoirsinde.org\/wp\/wp-content\/uploads\/2019\/07\/Capture-d\u2019\u00e9cran-2019-07-28-\u00e0-00.16.51-1024x491.png 1024w\" sizes=\"(max-width: 1114px) 100vw, 1114px\" \/><\/figure><\/div>\n\n\n\n<p>Continuation vers <strong>Vadodara <\/strong><em>(ville des Banyans<\/em>) ancienne capitale de l\u2019Etat des Gaekwad, famille Maratha (Maharashtra), ville universitaire et industrielle. A l\u2019arriv\u00e9e installation et nuit \u00e0 l\u2019h\u00f4tel.&nbsp;<\/p>\n\n\n\n<div class=\"wp-block-image\"><figure class=\"aligncenter is-resized\"><img loading=\"lazy\" src=\"http:\/\/www.comptoirsinde.org\/wp\/wp-content\/uploads\/2019\/07\/Capture-d\u2019\u00e9cran-2019-07-28-\u00e0-00.19.25-1024x296.png\" alt=\"\" class=\"wp-image-2329\" width=\"688\" height=\"198\" srcset=\"https:\/\/www.comptoirsinde.org\/wp\/wp-content\/uploads\/2019\/07\/Capture-d\u2019\u00e9cran-2019-07-28-\u00e0-00.19.25-1024x296.png 1024w, https:\/\/www.comptoirsinde.org\/wp\/wp-content\/uploads\/2019\/07\/Capture-d\u2019\u00e9cran-2019-07-28-\u00e0-00.19.25-600x173.png 600w, https:\/\/www.comptoirsinde.org\/wp\/wp-content\/uploads\/2019\/07\/Capture-d\u2019\u00e9cran-2019-07-28-\u00e0-00.19.25-300x87.png 300w, https:\/\/www.comptoirsinde.org\/wp\/wp-content\/uploads\/2019\/07\/Capture-d\u2019\u00e9cran-2019-07-28-\u00e0-00.19.25-768x222.png 768w\" sizes=\"(max-width: 688px) 100vw, 688px\" \/><\/figure><\/div>\n\n\n\n<p><strong>Jour 10 \u2013 04\/02\/2020 \u2013 mardi &#8211; Vadodara \/ Champaner \u2013 48 Km &#8211; <\/strong>(Pt. D\u00e9j. + D\u00e9jeuner + D\u00eener)&nbsp;<\/p>\n\n\n\n<p>Petit d\u00e9jeuner. Le matin visite du Mus\u00e9e et du Palais Laxmi Vilas, construit en 1880\/1890 par le Maharadja Sayajirao Gaekwad III de style indo-europ\u00e9enne <strong><em>(Le palais est ferm\u00e9 le lundi)<\/em><\/strong>. Ensuite d\u00e9part vers <strong>Champaner<\/strong>, site arch\u00e9ologique class\u00e9e au Patrimoine Mondial de l\u2019UNESCO. Elle fut la capitale de la dynastie. A l\u2019arriv\u00e9e installation \u00e0 l\u2019h\u00f4tel. Ensuite visite du parc arch\u00e9ologique de <strong>Champaner <\/strong>et <strong>Pavagadh. <\/strong>La visite de temple de <strong>Pavagadh<\/strong>, haut lieu de Ja\u00efnisme sur une colline de 925 m\u00e8tres de haut. Les p\u00e8lerins doivent monter pieds nus pour atteindre le temple, reconstruit par le Bhattaraka Kanakakirti Maharadja, sur l&#8217;emplacement d&rsquo;un ancien, d\u00e9truit par les envahisseurs de l&rsquo;Inde. D\u00e9di\u00e9 \u00e0 Parshvanath, ce sanctuaire Digambara fait l&rsquo;objet, tous les ans, d&rsquo;un grand p\u00e8lerinage. L\u2019apr\u00e8s-midi visite des vestiges de la ville qui fut au XVIe si\u00e8cle la capitale de l\u2019\u00c9tat du Gujarat. Visite : Fortifications, Palais, Edifices religieux, Villas r\u00e9sidentielles, Structures agricoles et Installations hydrauliques, construits entre le 8\u00e8me et le 14\u00e8me si\u00e8cle. Nuit \u00e0 l\u2019h\u00f4tel.&nbsp;<\/p>\n\n\n\n<p><strong>Jour 11 \u2013 05\/02\/2020 \u2013 mercredi &#8211; Champaner \/ Kevadia (Statue of Unity) \u2013 95 Km &#8211; <\/strong>(Pt. D\u00e9j. + D\u00e9jeuner + D\u00eener) Apr\u00e8s le petit d\u00e9jeuner visite de <strong>Champaner <\/strong>et <strong>Pavagadh<\/strong>. Ensuite d\u00e9part vers <strong>Kevadia<\/strong>. Si le temps le permet visite d\u2019un village tribal (Rathwas et Nayaks). Puis visite de la ville de <strong>Sankheda<\/strong>, connue pour ses meubles en bois de teck laqu\u00e9s et color\u00e9s. Continuation vers <strong>Kevadia<\/strong>. A l\u2019arriv\u00e9e installation et nuit au Campement.&nbsp;<\/p>\n\n\n\n<figure class=\"wp-block-image\"><img loading=\"lazy\" width=\"1024\" height=\"716\" src=\"http:\/\/www.comptoirsinde.org\/wp\/wp-content\/uploads\/2019\/07\/Capture-d\u2019\u00e9cran-2019-07-28-\u00e0-00.21.50-1024x716.png\" alt=\"\" class=\"wp-image-2331\" srcset=\"https:\/\/www.comptoirsinde.org\/wp\/wp-content\/uploads\/2019\/07\/Capture-d\u2019\u00e9cran-2019-07-28-\u00e0-00.21.50-1024x716.png 1024w, https:\/\/www.comptoirsinde.org\/wp\/wp-content\/uploads\/2019\/07\/Capture-d\u2019\u00e9cran-2019-07-28-\u00e0-00.21.50-600x419.png 600w, https:\/\/www.comptoirsinde.org\/wp\/wp-content\/uploads\/2019\/07\/Capture-d\u2019\u00e9cran-2019-07-28-\u00e0-00.21.50-300x210.png 300w, https:\/\/www.comptoirsinde.org\/wp\/wp-content\/uploads\/2019\/07\/Capture-d\u2019\u00e9cran-2019-07-28-\u00e0-00.21.50-768x537.png 768w, https:\/\/www.comptoirsinde.org\/wp\/wp-content\/uploads\/2019\/07\/Capture-d\u2019\u00e9cran-2019-07-28-\u00e0-00.21.50.png 1142w\" sizes=\"(max-width: 1024px) 100vw, 1024px\" \/><\/figure>\n\n\n\n<p><strong>Jour 12 \u2013 06\/02\/2020 \u2013 jeudi &#8211; Kevadia \/ Dandi \/ Surat &#8211; 150 Km &#8211; (Pt. D\u00e9j. + D\u00e9jeuner + D\u00eener)&nbsp;<\/strong><\/p>\n\n\n\n<p>Petit d\u00e9jeuner. Le matin visite de la statue de l\u2019Unit\u00e9, inaugur\u00e9e en octobre 2018 dans l\u2019\u00e9tat du Gujarat, l\u2019une des plus grandes statues du monde avec ses 182 m\u00e8tres de haut en hommage et en m\u00e9moire de Sardar Vallabhai Patel, un des p\u00e8res de l\u2019ind\u00e9pendance de l\u2019Inde. Visite d\u2019ensemble du site. Ensuite d\u00e9part vers <strong>Surat<\/strong>. En cours de route visite de la ville de <strong>Dandi, <\/strong>petit village au bord de la mer qui acquit une importance universelle gr\u00e2ce \u00e0 Mahatma Gandhi qui le choisit en 1930 pour enfreindre la loi sur le sel (Imp\u00f4t sur le sel). Il organisa une marche depuis Ahmedabad jusqu\u2019\u00e0 Dandi sur la c\u00f4te de la mer d\u2019Oman pour protester contre la loi britannique. Cette marche est l\u2019un des plus glorieux \u00e9pisodes du mouvement de d\u00e9sob\u00e9issance civique. Continuation vers <strong>Surat<\/strong>, nom synonyme de bonne sant\u00e9 et de prosp\u00e9rit\u00e9 qui fut l\u2019un des plus anciens centres commerciaux de l\u2019Inde de l\u2019Ouest et qui s\u2019\u00e9tend sur les rives de la rivi\u00e8re Tapti. C\u2019\u00e9tait un grand port sous les Moghols et plus tard les Portugais (16\u00e8me si\u00e8cle), les anglais, les Hollandais et les Fran\u00e7ais. C\u2019est en effet \u00e0 <strong>Surat <\/strong>que la Compagnie Fran\u00e7aise des Indes, cr\u00e9\u00e9e par Colbert en 1664, fit ses d\u00e9buts en 1667. Aujourd\u2019hui c\u2019est un centre du textile, du <em>zari <\/em>(<em>fils d\u2019or et d\u2019argent : les BROCARDS<\/em>) et de la taille des diamants. A l\u2019arriv\u00e9e installation et nuit \u00e0 l\u2019h\u00f4tel.&nbsp;<\/p>\n\n\n\n<figure class=\"wp-block-image\"><img loading=\"lazy\" width=\"1024\" height=\"415\" src=\"http:\/\/www.comptoirsinde.org\/wp\/wp-content\/uploads\/2019\/07\/Capture-d\u2019\u00e9cran-2019-07-28-\u00e0-00.22.49-1024x415.png\" alt=\"\" class=\"wp-image-2332\" srcset=\"https:\/\/www.comptoirsinde.org\/wp\/wp-content\/uploads\/2019\/07\/Capture-d\u2019\u00e9cran-2019-07-28-\u00e0-00.22.49-1024x415.png 1024w, https:\/\/www.comptoirsinde.org\/wp\/wp-content\/uploads\/2019\/07\/Capture-d\u2019\u00e9cran-2019-07-28-\u00e0-00.22.49-600x243.png 600w, https:\/\/www.comptoirsinde.org\/wp\/wp-content\/uploads\/2019\/07\/Capture-d\u2019\u00e9cran-2019-07-28-\u00e0-00.22.49-300x122.png 300w, https:\/\/www.comptoirsinde.org\/wp\/wp-content\/uploads\/2019\/07\/Capture-d\u2019\u00e9cran-2019-07-28-\u00e0-00.22.49-768x311.png 768w, https:\/\/www.comptoirsinde.org\/wp\/wp-content\/uploads\/2019\/07\/Capture-d\u2019\u00e9cran-2019-07-28-\u00e0-00.22.49.png 1672w\" sizes=\"(max-width: 1024px) 100vw, 1024px\" \/><\/figure>\n\n\n\n<p><strong>Jour 13 \u2013 07\/02\/2020 \u2013 vendredi &#8211; Surat \/ Mumbai \u2013 par train de jour &#8211; <\/strong>(Pt. D\u00e9j. + D\u00e9jeuner + D\u00eener)&nbsp;<\/p>\n\n\n\n<p>Petit d\u00e9jeuner. Le matin visite de la ville de <strong>Surat <\/strong>: La citadelle, les mosqu\u00e9es (16\u00e8me et 17\u00e8me si\u00e8cle.) pr\u00e8s de l\u2019embouchure de la rivi\u00e8re Tapti. Aujourd\u2019hui les anciens entrep\u00f4ts anglais et hollandais sont en ruine ainsi que les vieux cimeti\u00e8res britanniques et n\u00e9erlandais. L\u2019apr\u00e8s-midi transfert \u00e0 la gare et d\u00e9part en train vers Mumbai. A l\u2019arriv\u00e9e accueil et transfert \u00e0 l\u2019h\u00f4tel.&nbsp;<\/p>\n\n\n\n<p><strong>Jour 14 \u2013 08\/02\/2020 \u2013 samedi &#8211; Mumbai &#8211; (Pt. D\u00e9j. + D\u00e9jeuner + D\u00eener)&nbsp;<\/strong><\/p>\n\n\n\n<p>Petit d\u00e9jeuner. Journ\u00e9e consacr\u00e9e \u00e0 la visite de la ville de Mumbai : \u00ab Mani Bhawan \u00bb le mus\u00e9e de Mahatma Gandhi, porte le flambeau d\u2019Ahimsha (<em>non-violence<\/em>) et le p\u00e8re de la nation qui y s\u00e9journa entre 1917 et 1934. Il est l\u2019un des plus grands h\u00e9ros du 20\u00e8me si\u00e8cle. C\u2019est d\u2019ici que Mahatma Gandhi a lanc\u00e9 la premi\u00e8re compagne de r\u00e9sistance de \u00ab Satyagrah \u00bb, (<em>la non-coop\u00e9ration)<\/em>. <\/p>\n\n\n\n<p>Puis, visite panoramique de la ville de Mumbai : Gateway of India <em>(la Porte de l&rsquo;Inde<\/em>), construite en 1911 pour comm\u00e9morer la visite du roi Georges V et de la reine Marie d\u2019Angleterre, les jardins suspendus, la tour du silence Dhobi gh\u00e2t (<em>lavoir public<\/em>) o\u00f9 quelques 5000 hommes et femmes lavent des tonnes de linge chaque jour en plein-air, Malabar Hill, le quartier r\u00e9sidentiel le long de la baie d&rsquo;Oman et le quartier des affaires de Mumbai. Tard dans la soir\u00e9e transfert \u00e0 l\u2019a\u00e9roport international de Delhi.&nbsp;<\/p>\n\n\n\n<p><strong>Jour 15 \u2013 09\/02\/2020 \u2013 dimanche <\/strong>&#8211; <strong>Mumbai \/ Europe \u2013 par avion&nbsp;<\/strong><\/p>\n\n\n\n<p>T\u00f4t le matin envol pour l\u2019Europe.&nbsp;<\/p>\n\n\n\n<p style=\"text-align: center;\"><span style=\"color: #ff0000;\"><b><i>A NOTER :<span class=\"Apple-converted-space\">\u00a0<\/span><\/i><\/b><\/span><\/p>\n<p><span style=\"color: #ff0000;\">&#8211; <i>Ce programme est susceptible de modifications en raison d&rsquo;imp\u00e9ratifs locaux tels que des changements des horaires des transports locaux (trains \/ avions), conditions climatiques, mouvements sociaux ou tout autre cas de force majeure. Mais toutes les visites pr\u00e9vues au programme seront respect\u00e9es.<span class=\"Apple-converted-space\">\u00a0<\/span><\/i><\/span><\/p>\n<p><span style=\"color: #ff0000;\">&#8211; <i>Cet itin\u00e9raire comporte quelques lev\u00e9es matinales n\u00e9cessaires \u00e0 la d\u00e9couverte de certains sites.<span class=\"Apple-converted-space\">\u00a0<\/span><\/i><\/span><\/p>\n<p><span style=\"color: #ff0000;\">&#8211; <i>Enlever ses chaussures est obligatoire dans un temple ou un lieu sacr\u00e9.<span class=\"Apple-converted-space\">\u00a0<\/span><\/i><\/span><\/p>\n\n\n\n<ul>\n<li style=\"text-align: center;\" data-tadv-p=\"keep\"><strong><a href=\"http:\/\/www.comptoirsinde.org\/wp\/wp-content\/uploads\/2019\/07\/Tarif-voyage-GUJARAT-JAN-2020.pdf\">Tarif Voyage 2020 au Gujarat<\/a><\/strong><\/li>\n<\/ul>\n\n\n\n<ul>\n<li style=\"text-align: center;\" data-tadv-p=\"keep\"><strong><a href=\"http:\/\/www.comptoirsinde.org\/wp\/wp-content\/uploads\/2019\/07\/Bultin-dinscription-voyage-GUJARAT-JAN-2020.pdf\">Bultin d&rsquo;inscription voyage GUJARAT JAN 2020<\/a><\/strong><\/li>\n<\/ul>\n","protected":false},"excerpt":{"rendered":"<p>L&rsquo;association Les comptoirs de l&rsquo;Inde organise son voyage 2020 du 26 janvier au 9 f\u00e9vrier 2020 dans la r\u00e9gion du Gujarat en Inde. &nbsp;Les voyageurs auront l&rsquo;occasion de d\u00e9couvrir pendant 15 jours cette r\u00e9gion, qui est baign\u00e9e par les eaux azur de la mer d\u2019Oman, rec\u00e8le des tr\u00e9sors remontants aux civilisations des vall\u00e9es d&rsquo;il y\u2019a &hellip;<\/p>\n","protected":false},"author":2,"featured_media":0,"parent":39,"menu_order":0,"comment_status":"closed","ping_status":"closed","template":"","meta":[],"_links":{"self":[{"href":"https:\/\/www.comptoirsinde.org\/index.php?rest_route=\/wp\/v2\/pages\/2323"}],"collection":[{"href":"https:\/\/www.comptoirsinde.org\/index.php?rest_route=\/wp\/v2\/pages"}],"about":[{"href":"https:\/\/www.comptoirsinde.org\/index.php?rest_route=\/wp\/v2\/types\/page"}],"author":[{"embeddable":true,"href":"https:\/\/www.comptoirsinde.org\/index.php?rest_route=\/wp\/v2\/users\/2"}],"replies":[{"embeddable":true,"href":"https:\/\/www.comptoirsinde.org\/index.php?rest_route=%2Fwp%2Fv2%2Fcomments&post=2323"}],"version-history":[{"count":4,"href":"https:\/\/www.comptoirsinde.org\/index.php?rest_route=\/wp\/v2\/pages\/2323\/revisions"}],"predecessor-version":[{"id":2340,"href":"https:\/\/www.comptoirsinde.org\/index.php?rest_route=\/wp\/v2\/pages\/2323\/revisions\/2340"}],"up":[{"embeddable":true,"href":"https:\/\/www.comptoirsinde.org\/index.php?rest_route=\/wp\/v2\/pages\/39"}],"wp:attachment":[{"href":"https:\/\/www.comptoirsinde.org\/index.php?rest_route=%2Fwp%2Fv2%2Fmedia&parent=2323"}],"curies":[{"name":"wp","href":"https:\/\/api.w.org\/{rel}","templated":true}]}}