{"id":257,"date":"2013-03-10T13:18:23","date_gmt":"2013-03-10T13:18:23","guid":{"rendered":"http:\/\/www.comptoirsinde.org\/wp\/"},"modified":"2020-05-28T02:06:22","modified_gmt":"2020-05-28T00:06:22","slug":"comptoirs-francais-en-inde","status":"publish","type":"page","link":"https:\/\/www.comptoirsinde.org\/?page_id=257","title":{"rendered":"Les anciens comptoirs fran\u00e7ais"},"content":{"rendered":"\n\n\n<div class=\"wp-block-group\"><div class=\"wp-block-group__inner-container\">\n<div class=\"wp-block-image\"><figure class=\"alignright\"><a href=\"http:\/\/www.comptoirsinde.org\/wp\/wp-content\/uploads\/2013\/03\/Pondy-Statue-de-Dupleix.jpg\"><img loading=\"lazy\" width=\"225\" height=\"300\" src=\"http:\/\/www.comptoirsinde.org\/wp\/wp-content\/uploads\/2013\/03\/Pondy-Statue-de-Dupleix-225x300.jpg\" alt=\"Statue de Dupleix \u00e0 Pondich\u00e9ry\" class=\"wp-image-350\" title=\"Statue de Dupleix \u00e0 Pondich\u00e9ry\" srcset=\"https:\/\/www.comptoirsinde.org\/wp\/wp-content\/uploads\/2013\/03\/Pondy-Statue-de-Dupleix-225x300.jpg 225w, https:\/\/www.comptoirsinde.org\/wp\/wp-content\/uploads\/2013\/03\/Pondy-Statue-de-Dupleix-600x800.jpg 600w, https:\/\/www.comptoirsinde.org\/wp\/wp-content\/uploads\/2013\/03\/Pondy-Statue-de-Dupleix-768x1024.jpg 768w, https:\/\/www.comptoirsinde.org\/wp\/wp-content\/uploads\/2013\/03\/Pondy-Statue-de-Dupleix-scaled.jpg 1920w\" sizes=\"(max-width: 225px) 100vw, 225px\" \/><\/a><figcaption>Statue de Dupleix \u00e0 Pondich\u00e9ry<\/figcaption><\/figure><\/div>\n<\/div><\/div>\n\n\n\n<p>Le 1<sup>er<\/sup> novembre 1954, l\u2019Ambassade de l\u2019Inde en France annon\u00e7ait dans un t\u00e9l\u00e9gramme, le transfert \u00ab&nbsp;de facto&nbsp;\u00bb des Etablissements fran\u00e7ais de l\u2019Inde, derniers vestiges de l\u2019Empire fond\u00e9 par Dupleix. Ce m\u00eame jour, \u00e0 quelques milliers de kilom\u00e8tres des Comptoirs, commen\u00e7ait en Alg\u00e9rie, un conflit qui durera 9 ans. Quelques mois auparavant, la France perdait l\u2019Indochine par les accords de Gen\u00e8ve, apr\u00e8s la bataille de Di\u00ean Bi\u00ean Ph\u00fb le 7 mai 1954.<\/p>\n\n\n\n<p>La cession des Comptoirs s\u2019inscrit entre l\u2019Indochine et l\u2019Alg\u00e9rie. Mais contrairement \u00e0 ces territoires, l\u2019implantation de la France en Inde ne s\u2019est pas faite par une conqu\u00eate militaire, mais dans le cadre d\u2019une recherche commerciale par la route des \u00e9pices avec l\u2019accord des princes locaux.<\/p>\n\n\n\n<div class=\"wp-block-image\"><figure class=\"alignleft\"><a href=\"http:\/\/www.comptoirsinde.org\/wp\/wp-content\/uploads\/2013\/03\/Yanaon-le-cimeti\u00e8re.jpg\"><img loading=\"lazy\" width=\"300\" height=\"224\" src=\"http:\/\/www.comptoirsinde.org\/wp\/wp-content\/uploads\/2013\/03\/Yanaon-le-cimeti\u00e8re-300x224.jpg\" alt=\"Yanaon\" class=\"wp-image-361\" srcset=\"https:\/\/www.comptoirsinde.org\/wp\/wp-content\/uploads\/2013\/03\/Yanaon-le-cimeti\u00e8re-300x224.jpg 300w, https:\/\/www.comptoirsinde.org\/wp\/wp-content\/uploads\/2013\/03\/Yanaon-le-cimeti\u00e8re-600x450.jpg 600w, https:\/\/www.comptoirsinde.org\/wp\/wp-content\/uploads\/2013\/03\/Yanaon-le-cimeti\u00e8re-1024x768.jpg 1024w\" sizes=\"(max-width: 300px) 100vw, 300px\" \/><\/a><figcaption>Yanaon<\/figcaption><\/figure><\/div>\n\n\n\n<p>Arriv\u00e9e en Inde apr\u00e8s les Portugais, les Danois, les Hollandais et les Anglais, la France restera pr\u00e8s de 3 si\u00e8cles en Inde \u00e0 la suite de la cr\u00e9ation de la Compagnie des Indes Orientales par Colbert avec l\u2019acte royal du 1<sup>er<\/sup> septembre 1664 sous Louis XIV.<\/p>\n\n\n\n<p>La France va s\u2019installer \u00e0 <em><strong>Pondich\u00e9ry<\/strong><\/em> en f\u00e9vrier 1673, \u00e0 <strong><em>Chandernagor<\/em><\/strong> en 1688, \u00e0 <em><strong>Mah\u00e9<\/strong><\/em> en 1721, \u00e0 <em><strong>Yanaon<\/strong><\/em> en 1731 et \u00e0 <em><strong>Karikal<\/strong><\/em> en 1739. Gr\u00e2ce \u00e0 l\u2019action de Dupleix en liaison avec les princes locaux, l\u2019influence de la France s\u2019\u00e9tendra sur toute la r\u00e9gion du Deccan, au Sud de l\u2019Inde. Le rayonnement de la France \u00e0 partir des Comptoirs, sur toute la r\u00e9gion de l\u2019Oc\u00e9an Indien jusqu\u2019\u00e0 la Mer Rouge et la Mer de Chine sera tr\u00e8s important durant les XVIII \u00e8me et XIX \u00e8me si\u00e8cles. Pondich\u00e9ry sera durant toute cette p\u00e9riode l\u2019\u00e9picentre de l\u2019action de la France au Proche-Orient et en Extr\u00eame-Orient. Le commerce avec la M\u00e9tropole comprend alors les \u00e9pices, les tissus, les cotonnades, les arachides, l\u2019huile etc\u2026<\/p>\n\n\n\n<p>Les lois de 1875 seront appliqu\u00e9es aux Comptoirs avec la cr\u00e9ation des nouvelles structures administratives. Les Comptoirs participeront \u00e0 la 1<sup>\u00e8re<\/sup> guerre mondiale, puis \u00e0 la seconde. Les Comptoirs seront parmi les premiers \u00e0 rallier la France Libre le 9 septembre 1940, gr\u00e2ce \u00e0 l\u2019action du gouverneur g\u00e9n\u00e9ral Bonvin.<\/p>\n\n\n\n<div class=\"wp-block-image\"><figure class=\"alignright\"><a href=\"http:\/\/www.comptoirsinde.org\/wp\/wp-content\/uploads\/2013\/03\/Chandernagor.jpg\"><img loading=\"lazy\" width=\"300\" height=\"224\" src=\"http:\/\/www.comptoirsinde.org\/wp\/wp-content\/uploads\/2013\/03\/Chandernagor-300x224.jpg\" alt=\"Chandernagor\" class=\"wp-image-330\" srcset=\"https:\/\/www.comptoirsinde.org\/wp\/wp-content\/uploads\/2013\/03\/Chandernagor-300x224.jpg 300w, https:\/\/www.comptoirsinde.org\/wp\/wp-content\/uploads\/2013\/03\/Chandernagor-600x450.jpg 600w, https:\/\/www.comptoirsinde.org\/wp\/wp-content\/uploads\/2013\/03\/Chandernagor-1024x768.jpg 1024w\" sizes=\"(max-width: 300px) 100vw, 300px\" \/><\/a><figcaption>Chandernagor<\/figcaption><\/figure><\/div>\n\n\n\n<p>L\u2019ind\u00e9pendance de l\u2019Inde le 15 ao\u00fbt 1947 va conduire \u00e0 la cession de Chandernagor en 1951, \u00e0 la suite du r\u00e9f\u00e9rendun de juin 1949, puis au transfert \u00ab&nbsp;<em>de facto<\/em> \u00bb de Pondich\u00e9ry, Yanaon, Karikal et Mah\u00e9 le 1<sup>er<\/sup> novembre 1954. Le transfert \u00ab&nbsp;<em>de jure<\/em> \u00bb se fera \u00e0 la suite de la ratification par la France, le 16 juillet 1962, du trait\u00e9 de cession du 28 mai 1956 sign\u00e9 avec l\u2019Inde. L\u2019administration de Pondich\u00e9ry par l\u2019Inde entrera en vigueur le 1<sup>er<\/sup> juillet 1963.<\/p>\n\n\n\n<p>Pondich\u00e9ry constitue avec Mah\u00e9, Karikal et Yanaon un territoire de l\u2019Union. La pr\u00e9sence fran\u00e7aise se traduit essentiellement dans les Comptoirs sur le plan culturel et scientifique\u00a0: <a rel=\"noreferrer noopener\" href=\"http:\/\/pedagogie.ac-toulouse.fr\/lyc-francais-pondichery\/\" target=\"_blank\"><strong>le Lyc\u00e9e Fran\u00e7ais<\/strong><\/a>, <a rel=\"noreferrer noopener\" href=\"http:\/\/www.efeo.fr\/\" target=\"_blank\"><strong>l\u2019Ecole Fran\u00e7aise d\u2019Extr\u00eame-Orient<\/strong><\/a>, <a rel=\"noreferrer noopener\" href=\"http:\/\/www.ifpindia.org\/-fr-.html\" target=\"_blank\"><strong>l\u2019Institut fran\u00e7ais<\/strong><\/a>, <a rel=\"noreferrer noopener\" href=\"http:\/\/alliancefrancaisepondichery.com\/?lang=fr\" target=\"_blank\"><strong>l\u2019Alliance fran\u00e7aise<\/strong><\/a>, les \u00e9coles indiennes \u00e0 programme fran\u00e7ais\u2026..<\/p>\n\n\n","protected":false},"excerpt":{"rendered":"<p>Le 1er novembre 1954, l\u2019Ambassade de l\u2019Inde en France annon\u00e7ait dans un t\u00e9l\u00e9gramme, le transfert \u00ab&nbsp;de facto&nbsp;\u00bb des Etablissements fran\u00e7ais de l\u2019Inde, derniers vestiges de l\u2019Empire fond\u00e9 par Dupleix. Ce m\u00eame jour, \u00e0 quelques milliers de kilom\u00e8tres des Comptoirs, commen\u00e7ait en Alg\u00e9rie, un conflit qui durera 9 ans. Quelques mois auparavant, la France perdait l\u2019Indochine &hellip;<\/p>\n","protected":false},"author":2,"featured_media":0,"parent":0,"menu_order":0,"comment_status":"closed","ping_status":"closed","template":"","meta":[],"_links":{"self":[{"href":"https:\/\/www.comptoirsinde.org\/index.php?rest_route=\/wp\/v2\/pages\/257"}],"collection":[{"href":"https:\/\/www.comptoirsinde.org\/index.php?rest_route=\/wp\/v2\/pages"}],"about":[{"href":"https:\/\/www.comptoirsinde.org\/index.php?rest_route=\/wp\/v2\/types\/page"}],"author":[{"embeddable":true,"href":"https:\/\/www.comptoirsinde.org\/index.php?rest_route=\/wp\/v2\/users\/2"}],"replies":[{"embeddable":true,"href":"https:\/\/www.comptoirsinde.org\/index.php?rest_route=%2Fwp%2Fv2%2Fcomments&post=257"}],"version-history":[{"count":14,"href":"https:\/\/www.comptoirsinde.org\/index.php?rest_route=\/wp\/v2\/pages\/257\/revisions"}],"predecessor-version":[{"id":2647,"href":"https:\/\/www.comptoirsinde.org\/index.php?rest_route=\/wp\/v2\/pages\/257\/revisions\/2647"}],"wp:attachment":[{"href":"https:\/\/www.comptoirsinde.org\/index.php?rest_route=%2Fwp%2Fv2%2Fmedia&parent=257"}],"curies":[{"name":"wp","href":"https:\/\/api.w.org\/{rel}","templated":true}]}}