{"id":37,"date":"2011-02-08T11:11:36","date_gmt":"2011-02-08T11:11:36","guid":{"rendered":"http:\/\/www.comptoirsinde.org\/wp\/?page_id=37"},"modified":"2023-03-29T10:26:52","modified_gmt":"2023-03-29T08:26:52","slug":"adhesion","status":"publish","type":"page","link":"https:\/\/www.comptoirsinde.org\/?page_id=37","title":{"rendered":"Adh\u00e9sion"},"content":{"rendered":"<h3 style=\"text-align: center\"><span style=\"color: #000000\"><strong><em>Adh\u00e9rer en 2023 c&rsquo;est avant tout nous soutenir et nous permettre de vous proposer de nouvelles activit\u00e9s, de d\u00e9velopper notre centre culturel<\/em><\/strong><\/span><\/h3>\n<p>L\u2019adh\u00e9sion \u00e0 l\u2019Association est obligatoire pour participer au voyage annuel en Inde et aux diff\u00e9rents cours dispens\u00e9s : chant, danse, cours de langues ( Tamoul).<\/p>\n<p>Elle permet \u00e9galement de consulter et d\u2019emprunter les ouvrages du Centre de Documentation ainsi que de participer \u00e0 toutes nos activit\u00e9s culturelles (conf\u00e9rences, expositions, spectacles).<\/p>\n<p>Enfin les membres sont inform\u00e9s r\u00e9guli\u00e8rement par mail ou par courrier sur les manifestations concernant l\u2019Inde en France.<\/p>\n<ul>\n<li>\n<h5><strong>Adh\u00e9sion individuelle ou familiale: 40 euros \/ an<\/strong><\/h5>\n<\/li>\n<li style=\"text-align: justify\">\n<h5><strong>Membre bienfaiteur: 50, 100 ou 150 euros \/ an<\/strong><\/h5>\n<\/li>\n<li style=\"text-align: justify\">\n<h5><strong>Adh\u00e9sion pour les personnes vivant en Inde : nous contacter<\/strong><\/h5>\n<\/li>\n<\/ul>\n<p><span style=\"color: #000000\">Pour adh\u00e9rer, il vous suffit de <\/span><strong style=\"color: #000000\">nous retourner le bulletin d&rsquo;adh\u00e9sion <a href=\"http:\/\/www.comptoirsinde.org\/wp\/wp-content\/uploads\/2022\/08\/Bulletin-adhesion.pdf\"><span style=\"text-decoration: underline;color: #3366ff\"><span style=\"color: #3366ff;text-decoration: underline\">(t\u00e9l\u00e9charger ici le bulletin)<\/span> <\/span><\/a>\u00a0par courrier postal<\/strong><span style=\"color: #000000\">, accompagn\u00e9 du <\/span><strong style=\"color: #000000\">r\u00e8glement de la cotisation annuelle\u00a0<\/strong><strong style=\"color: #000000\">par ch\u00e8que \u00e0 l&rsquo;ordre<\/strong><span style=\"color: #000000\"> de \u00ab\u00a0<\/span><strong style=\"color: #000000\">Les Comptoirs de l&rsquo;Inde<\/strong><span style=\"color: #000000\">\u00a0\u00bb \u00e0 l&rsquo;adresse suivante: <\/span><strong style=\"color: #000000\">Les Comptoirs de l&rsquo;Inde, 60 rue des Vignoles 75020 Paris<\/strong><\/p>\n<p>Une carte d\u2019adh\u00e9sion est d\u00e9livr\u00e9e pour chaque adh\u00e9rent apr\u00e8s acceptation du bureau.<\/p>\n<p><span style=\"color: #000000\"><strong>Tout renseignement compl\u00e9mentaire<\/strong> peut \u00eatre obtenu <span style=\"color: #000000\"><strong>par mail \u00e0 l&rsquo;adresse <span style=\"color: #3366ff\"><a href=\"mailto:comptoirs-inde@wanadoo.fr\"><span style=\"color: #3366ff\"><em>comptoirs-inde@wanadoo.fr<\/em><\/span><\/a> <\/span><\/strong><span style=\"color: #000000\">ou en appelant le <strong>01 46 59 02 12<\/strong> de <strong>14h30 <\/strong>\u00e0<strong> 18h <\/strong>les<strong> lundi, mercredi et vendredi<\/strong>.<br \/>\n<\/span><\/span><\/span><\/p>\n","protected":false},"excerpt":{"rendered":"<p>Adh\u00e9rer en 2023 c&rsquo;est avant tout nous soutenir et nous permettre de vous proposer de nouvelles activit\u00e9s, de d\u00e9velopper notre centre culturel L\u2019adh\u00e9sion \u00e0 l\u2019Association est obligatoire pour participer au voyage annuel en Inde et aux diff\u00e9rents cours dispens\u00e9s : chant, danse, cours de langues ( Tamoul). Elle permet \u00e9galement de consulter et d\u2019emprunter les &hellip;<\/p>\n","protected":false},"author":1,"featured_media":0,"parent":0,"menu_order":0,"comment_status":"closed","ping_status":"closed","template":"","meta":[],"_links":{"self":[{"href":"https:\/\/www.comptoirsinde.org\/index.php?rest_route=\/wp\/v2\/pages\/37"}],"collection":[{"href":"https:\/\/www.comptoirsinde.org\/index.php?rest_route=\/wp\/v2\/pages"}],"about":[{"href":"https:\/\/www.comptoirsinde.org\/index.php?rest_route=\/wp\/v2\/types\/page"}],"author":[{"embeddable":true,"href":"https:\/\/www.comptoirsinde.org\/index.php?rest_route=\/wp\/v2\/users\/1"}],"replies":[{"embeddable":true,"href":"https:\/\/www.comptoirsinde.org\/index.php?rest_route=%2Fwp%2Fv2%2Fcomments&post=37"}],"version-history":[{"count":56,"href":"https:\/\/www.comptoirsinde.org\/index.php?rest_route=\/wp\/v2\/pages\/37\/revisions"}],"predecessor-version":[{"id":3315,"href":"https:\/\/www.comptoirsinde.org\/index.php?rest_route=\/wp\/v2\/pages\/37\/revisions\/3315"}],"wp:attachment":[{"href":"https:\/\/www.comptoirsinde.org\/index.php?rest_route=%2Fwp%2Fv2%2Fmedia&parent=37"}],"curies":[{"name":"wp","href":"https:\/\/api.w.org\/{rel}","templated":true}]}}