{"id":495,"date":"2013-10-19T10:49:59","date_gmt":"2013-10-19T10:49:59","guid":{"rendered":"http:\/\/www.comptoirsinde.org\/?page_id=495"},"modified":"2016-10-16T12:37:41","modified_gmt":"2016-10-16T12:37:41","slug":"edition-2013","status":"publish","type":"page","link":"https:\/\/www.comptoirsinde.org\/?page_id=495","title":{"rendered":"\u00c9dition 2015"},"content":{"rendered":"<p><img loading=\"lazy\" class=\"size-medium wp-image-652 alignleft\" style=\"margin: 15px;\" alt=\"\" src=\"http:\/\/www.comptoirsinde.org\/wp\/wp-content\/uploads\/2013\/10\/Affiche-A3-2015-212x300.jpg\" width=\"212\" height=\"300\" srcset=\"https:\/\/www.comptoirsinde.org\/wp\/wp-content\/uploads\/2013\/10\/Affiche-A3-2015-212x300.jpg 212w, https:\/\/www.comptoirsinde.org\/wp\/wp-content\/uploads\/2013\/10\/Affiche-A3-2015-600x849.jpg 600w, https:\/\/www.comptoirsinde.org\/wp\/wp-content\/uploads\/2013\/10\/Affiche-A3-2015-723x1024.jpg 723w, https:\/\/www.comptoirsinde.org\/wp\/wp-content\/uploads\/2013\/10\/Affiche-A3-2015.jpg 1754w\" sizes=\"(max-width: 212px) 100vw, 212px\" \/><\/p>\n<p>&nbsp;<\/p>\n<p><span style=\"color: #ff0000;\"><em><span style=\"text-decoration: underline;\"><strong>\u00a0EN RAISON DE L&rsquo;\u00c9TAT D&rsquo;URGENCE QUI AVAIT \u00c9T\u00c9 D\u00c9CR\u00c9T\u00c9 SUITE AUX ATTENTATS DE PARIS DU VENDREDI 13 NOVEMBRE 2015, L&rsquo;\u00c9DITION DU SALON DES LIVRES A \u00c9T\u00c9 ANNUL\u00c9E.<\/strong><\/span><\/em><\/span><\/p>\n<p>&nbsp;<\/p>\n<p>La quatri\u00e8me \u00e9dition du salon L&rsquo;Inde des Livres aurait due se tenir \u00e0 la mairie du XX\u00e8me \u00e0 Paris les 15 et 16 novembre 2015. K\u00e9niz\u00e9 Mourad aurait du nous accompagner\u00a0encore pour cette \u00e9dition, en tant que marraine du salon litt\u00e9raire.<\/p>\n<p><strong><span style=\"color: #339966;\">LE PROGRAMME du salon 2015 !!\u00a0<\/span><\/strong><\/p>\n<p><a href=\"http:\/\/www.comptoirsinde.org\/wp\/wp-content\/uploads\/2015\/11\/LInde-des-Livres-2015-Catalogue.pdf\" target=\"_blank\"><span style=\"text-decoration: underline;\"><strong>t\u00e9l\u00e9charger le programme ici<\/strong><\/span><\/a><\/p>\n<p>&nbsp;<\/p>\n<p>&nbsp;<\/p>\n<p>&nbsp;<\/p>\n<p>&nbsp;<\/p>\n<p><strong>FOCUS !\u00a0<\/strong><\/p>\n<p><img loading=\"lazy\" class=\" wp-image-662 alignleft\" style=\"margin: 15px;\" alt=\"Calcutta nuit et jour\" src=\"http:\/\/www.comptoirsinde.org\/wp\/wp-content\/uploads\/2015\/11\/flyer-Calcutta-nuit-et-jour-212x300.jpg\" width=\"148\" height=\"210\" srcset=\"https:\/\/www.comptoirsinde.org\/wp\/wp-content\/uploads\/2015\/11\/flyer-Calcutta-nuit-et-jour-212x300.jpg 212w, https:\/\/www.comptoirsinde.org\/wp\/wp-content\/uploads\/2015\/11\/flyer-Calcutta-nuit-et-jour-600x848.jpg 600w, https:\/\/www.comptoirsinde.org\/wp\/wp-content\/uploads\/2015\/11\/flyer-Calcutta-nuit-et-jour.jpg 689w\" sizes=\"(max-width: 148px) 100vw, 148px\" \/><\/p>\n<p>&nbsp;<\/p>\n<p>Exposition sur <span style=\"text-decoration: underline;\"><strong><a href=\"http:\/\/www.comptoirsinde.org\/wp\/wp-content\/uploads\/2015\/11\/Expo_Calcutta.pdf\" target=\"_blank\">\u00ab\u00a0Calcutta, nuit et jour\u00a0\u00bb.<\/a><\/strong><\/span><\/p>\n<p>&nbsp;<\/p>\n<p>&nbsp;<\/p>\n<p>&nbsp;<\/p>\n<p>&nbsp;<\/p>\n<p>&nbsp;<\/p>\n<p>&nbsp;<\/p>\n<p><span style=\"text-decoration: underline;\"><strong><a href=\"http:\/\/www.comptoirsinde.org\/wp\/wp-content\/uploads\/2015\/11\/Le-Yoga.pdf\" target=\"_blank\">Le Yoga<\/a>\u00a0<\/strong><\/span>avec un atelier dans le cadre du salon (sur inscription) le dimanche 15 \u00e0 11h.<\/p>\n<p style=\"text-align: left;\"><span style=\"text-decoration: underline;\"><strong><a href=\"http:\/\/www.comptoirsinde.org\/wp\/wp-content\/uploads\/2015\/11\/Diaspora-indienne.pdf\" target=\"_blank\">La diaspora indienne<\/a>\u00a0:<\/strong><\/span><strong>\u00a0<\/strong><\/p>\n<p>L\u2019Encyclop\u00e9die de la diaspora indienne est la premi\u00e8re \u00e9tude exhaustive des communaut\u00e9s indiennes diss\u00e9min\u00e9es autour du globe. Plus d\u2019une trentaine d\u2019articles contextuels d\u00e9crivent les initiatives prises par ces communaut\u00e9s et les contributions qu\u2019elles ont appor- t\u00e9es tant internationalement qu\u2019\u00e0 leurs soci\u00e9t\u00e9s d\u2019accueil, dans des domaines aussi divers que la litt\u00e9rature, la cuisine, la culture populaire, les sports et la vie politique. La majeure partie de l\u2019ouvrage consiste en 44 profils par pays ou r\u00e9gion couvrant les cinq continents.<\/p>\n<p>Danse indienne &#8211; une conf\u00e9rence dans\u00e9e sur <span style=\"text-decoration: underline;\"><strong><a href=\"http:\/\/www.comptoirsinde.org\/wp\/wp-content\/uploads\/2013\/10\/Danse-Katia-de-Shiva.pdf\" target=\"_blank\">la Danse de Shiva \u00a0<\/a><\/strong><\/span><\/p>\n<p style=\"text-align: left;\"><span style=\"color: #ff6600;\"><strong><em>Pour cette \u00e9dition, les invit\u00e9s d&rsquo;honneur sont :\u00a0<\/em><\/strong><\/span><\/p>\n<p><img loading=\"lazy\" class=\"wp-image-625 alignleft\" style=\"margin: 15px;\" alt=\"ambai-- (1)\" src=\"http:\/\/www.comptoirsinde.org\/wp\/wp-content\/uploads\/2013\/10\/ambai-1-300x294.jpg\" width=\"126\" height=\"124\" srcset=\"https:\/\/www.comptoirsinde.org\/wp\/wp-content\/uploads\/2013\/10\/ambai-1-300x294.jpg 300w, https:\/\/www.comptoirsinde.org\/wp\/wp-content\/uploads\/2013\/10\/ambai-1-600x589.jpg 600w, https:\/\/www.comptoirsinde.org\/wp\/wp-content\/uploads\/2013\/10\/ambai-1-1024x1005.jpg 1024w\" sizes=\"(max-width: 126px) 100vw, 126px\" \/><\/p>\n<p>Amba\u00ef, grande figure de la litt\u00e9rature indienne contemporaine. R\u00e9compens\u00e9e par des prix prestigieux, on la d\u00e9couvre aujourd\u2019hui en France.<\/p>\n<p><img loading=\"lazy\" class=\" wp-image-626 alignright\" alt=\"Bindeshwar pathak\" src=\"http:\/\/www.comptoirsinde.org\/wp\/wp-content\/uploads\/2013\/10\/Bindeshwar-pathak.jpg\" width=\"132\" height=\"127\" \/><\/p>\n<p>&nbsp;<\/p>\n<p>Dr Bindeshwar Pathak, sociologue, fondateur de l\u2019ONG indienne Sulabh international, il \u0153uvre \u00e0 la promotion de r\u00e9formes sociales et environnementales.<\/p>\n<p>&nbsp;<\/p>\n<p>Chaque ann\u00e9e un espace est consacr\u00e9 \u00e0 l&rsquo;\u00e9criture et au public jeune, cette ann\u00e9e il y aura des lectures de contes,<\/p>\n<p>des ateliers de dessins de kolam et un atelier bande-dessin\u00e9es.<\/p>\n<p><img loading=\"lazy\" class=\" wp-image-640 alignleft\" alt=\"atelier -BD-Salon 2014 une jpeg\" src=\"http:\/\/www.comptoirsinde.org\/wp\/wp-content\/uploads\/2013\/10\/atelier-BD-Salon-2014-une-jpeg-212x300.jpg\" width=\"127\" height=\"180\" srcset=\"https:\/\/www.comptoirsinde.org\/wp\/wp-content\/uploads\/2013\/10\/atelier-BD-Salon-2014-une-jpeg-212x300.jpg 212w, https:\/\/www.comptoirsinde.org\/wp\/wp-content\/uploads\/2013\/10\/atelier-BD-Salon-2014-une-jpeg-600x848.jpg 600w, https:\/\/www.comptoirsinde.org\/wp\/wp-content\/uploads\/2013\/10\/atelier-BD-Salon-2014-une-jpeg-724x1024.jpg 724w, https:\/\/www.comptoirsinde.org\/wp\/wp-content\/uploads\/2013\/10\/atelier-BD-Salon-2014-une-jpeg.jpg 1241w\" sizes=\"(max-width: 127px) 100vw, 127px\" \/><span style=\"text-decoration: underline;\"><strong><a href=\"http:\/\/www.comptoirsinde.org\/wp\/wp-content\/uploads\/2015\/10\/atelier-BD-Salon-2014.pdf\" target=\"_blank\">Retrouvez ici le compte-rendu de l&rsquo;\u00e9dition 2014 \u00a0!!<\/a><\/strong><\/span><\/p>\n<p style=\"text-align: right;\"><b><a href=\"http:\/\/www.comptoirsinde.org\/wp\/wp-content\/uploads\/2013\/10\/AVT_Radhika-Jha_7710.jpg\">\u00a0<\/a><\/b><\/p>\n<div><\/div>\n<div><\/div>\n<div><\/div>\n<div><\/div>\n<div><\/div>\n<div><\/div>\n<div><\/div>\n<div><span style=\"color: #ff6600;\"><strong><em>Nos partenaires pour cette 3\u00e8me \u00e9dition :\u00a0<\/em><\/strong><em><span style=\"color: #000000;\"><strong>N<\/strong><\/span><\/em><strong><em><span style=\"color: #333333;\"><span style=\"color: #000000;\"><strong>ous souhaitons remercier l&rsquo;ensemble de nos partenaires et des personnes qui nous aident pour l&rsquo;organisation de cet \u00e9v\u00e9nement, des entreprises, des collectivit\u00e9s et des passionn\u00e9(e)s sans qui ce salon ne serait pas possible dont l&rsquo;Ambassade de l&rsquo;Inde et la Mairie du XX\u00e8me.\u00a0<\/strong><\/span><\/span><\/em><\/strong><\/span><\/div>\n","protected":false},"excerpt":{"rendered":"<p>&nbsp; \u00a0EN RAISON DE L&rsquo;\u00c9TAT D&rsquo;URGENCE QUI AVAIT \u00c9T\u00c9 D\u00c9CR\u00c9T\u00c9 SUITE AUX ATTENTATS DE PARIS DU VENDREDI 13 NOVEMBRE 2015, L&rsquo;\u00c9DITION DU SALON DES LIVRES A \u00c9T\u00c9 ANNUL\u00c9E. &nbsp; La quatri\u00e8me \u00e9dition du salon L&rsquo;Inde des Livres aurait due se tenir \u00e0 la mairie du XX\u00e8me \u00e0 Paris les 15 et 16 novembre 2015. K\u00e9niz\u00e9 &hellip;<\/p>\n","protected":false},"author":2,"featured_media":0,"parent":0,"menu_order":0,"comment_status":"open","ping_status":"closed","template":"one-column.php","meta":[],"_links":{"self":[{"href":"https:\/\/www.comptoirsinde.org\/index.php?rest_route=\/wp\/v2\/pages\/495"}],"collection":[{"href":"https:\/\/www.comptoirsinde.org\/index.php?rest_route=\/wp\/v2\/pages"}],"about":[{"href":"https:\/\/www.comptoirsinde.org\/index.php?rest_route=\/wp\/v2\/types\/page"}],"author":[{"embeddable":true,"href":"https:\/\/www.comptoirsinde.org\/index.php?rest_route=\/wp\/v2\/users\/2"}],"replies":[{"embeddable":true,"href":"https:\/\/www.comptoirsinde.org\/index.php?rest_route=%2Fwp%2Fv2%2Fcomments&post=495"}],"version-history":[{"count":45,"href":"https:\/\/www.comptoirsinde.org\/index.php?rest_route=\/wp\/v2\/pages\/495\/revisions"}],"predecessor-version":[{"id":522,"href":"https:\/\/www.comptoirsinde.org\/index.php?rest_route=\/wp\/v2\/pages\/495\/revisions\/522"}],"wp:attachment":[{"href":"https:\/\/www.comptoirsinde.org\/index.php?rest_route=%2Fwp%2Fv2%2Fmedia&parent=495"}],"curies":[{"name":"wp","href":"https:\/\/api.w.org\/{rel}","templated":true}]}}