{"id":497,"date":"2013-10-19T10:51:48","date_gmt":"2013-10-19T10:51:48","guid":{"rendered":"http:\/\/www.comptoirsinde.org\/?page_id=497"},"modified":"2015-10-06T20:13:07","modified_gmt":"2015-10-06T20:13:07","slug":"precedentes-editions","status":"publish","type":"page","link":"https:\/\/www.comptoirsinde.org\/?page_id=497","title":{"rendered":"Pr\u00e9c\u00e9dentes \u00e9ditions"},"content":{"rendered":"<p><strong>Le 1er\u00a0Salon qui s\u2019est tenu les 22 et 23 octobre 2011 \u00e0 la Mairie du 20\u00e8me\u00a0a re\u00e7u la visite de 1652 personnes<\/strong>\u00a0avec des observations tr\u00e8s positives. La grande librairie a pr\u00e9sent\u00e9 500 r\u00e9f\u00e9rences avec pr\u00e8s de 3000 ouvrages.\u00a0L\u2019Invit\u00e9e d\u2019Honneur \u00e9tait K\u00e9niz\u00e9 MOURAD. Elle est devenue la marraine de notre salon et chaque ann\u00e9e nous la remercions d&rsquo;\u00eatre \u00e0 nos c\u00f4t\u00e9s !<\/p>\n<p><a href=\"http:\/\/www.comptoirsinde.org\/wp\/wp-content\/uploads\/2013\/10\/LInde-des-Livres-\u00e9dition-2011.pdf\" target=\"_blank\">D\u00e9couvrez le programme de 2011<\/a><\/p>\n<figure id=\"attachment_309\" aria-describedby=\"caption-attachment-309\" style=\"width: 170px\" class=\"wp-caption aligncenter\"><a href=\"http:\/\/www.comptoirsinde.org\/wp\/wp-content\/uploads\/2013\/10\/LInde-des-Livres-\u00e9dition-2011.pdf\" target=\"_blank\"><img loading=\"lazy\" class=\"size-full wp-image-309 \" alt=\"Kenize Mourad\" src=\"http:\/\/www.comptoirsinde.org\/wp\/wp-content\/uploads\/2011\/04\/Kenize-Mourad_Ibo-Sipa_1.jpg\" width=\"170\" height=\"170\" srcset=\"https:\/\/www.comptoirsinde.org\/wp\/wp-content\/uploads\/2011\/04\/Kenize-Mourad_Ibo-Sipa_1.jpg 170w, https:\/\/www.comptoirsinde.org\/wp\/wp-content\/uploads\/2011\/04\/Kenize-Mourad_Ibo-Sipa_1-100x100.jpg 100w, https:\/\/www.comptoirsinde.org\/wp\/wp-content\/uploads\/2011\/04\/Kenize-Mourad_Ibo-Sipa_1-150x150.jpg 150w\" sizes=\"(max-width: 170px) 100vw, 170px\" \/><\/a><figcaption id=\"caption-attachment-309\" class=\"wp-caption-text\">Kenize Mourad<\/figcaption><\/figure>\n<p>&nbsp;<\/p>\n<p><strong>\u00a0En 2014, les invit\u00e9s d&rsquo;honneur \u00e9taient :\u00a0<\/strong><\/p>\n<p><strong><a href=\"http:\/\/www.comptoirsinde.org\/wp\/wp-content\/uploads\/2015\/10\/2014-V04-29-10-2014-Programme-lInde-des-Livres-.pdf\" target=\"_blank\">retrouvez le programme ici<\/a><\/strong><\/p>\n<p><strong><img loading=\"lazy\" class=\"alignleft\" style=\"margin: 10px;\" alt=\"1 - C  Clement. copyright Bruno Klein\" src=\"http:\/\/www.comptoirsinde.org\/wp\/wp-content\/uploads\/2013\/10\/1-C-Clement.-copyright-Bruno-Klein-250x300.jpg\" width=\"150\" height=\"180\" \/><\/strong><\/p>\n<p>&nbsp;<\/p>\n<p><strong>Catherine CLEMENT<\/strong>\u00a0Philosophe, romanci\u00e8re, femme de culture et de conviction, elle dirige depuis 2003 l&rsquo;Universit\u00e9 populaire du mus\u00e9e du Quai Branly et anime une \u00e9mis- sion hebdomadaire sur France Culture : \u00abCulture de soi, cultures des autres\u00bb. Auteur de tr\u00e8s nombreux ouvra- ges d\u2019essais et de fictions traduits en plusieurs langues, l\u2019Inde inspire ses plus grand succ\u00e8s. Son dernier ouvrage en date : Dictionnaire amoureux des Dieux et des D\u00e9esses, Plon, janvier 2014.<\/p>\n<p>&nbsp;<\/p>\n<p>&nbsp;<\/p>\n<p>&nbsp;<\/p>\n<p><strong><img loading=\"lazy\" class=\"alignright\" alt=\"2-  Pavan K Varma\" src=\"http:\/\/www.comptoirsinde.org\/wp\/wp-content\/uploads\/2013\/10\/2-Pavan-K-Varma.jpg\" width=\"131\" height=\"182\" \/>Pavan K. VARMA<\/strong>\u00a0Ecrivain, diplomate et aujourd\u2019hui membre du Parlement indien, son \u0153uvre regroupe diff\u00e9rents genres : fictions, essais, biographies, traductions. Plusieurs de ses ouvrages traduits en fran\u00e7ais ont \u00e9t\u00e9 publi\u00e9s chez Actes Sud, dont Le d\u00e9fi indien en 2005 et Devenir indien, la r\u00e9volution inachev\u00e9e de la culture et de l\u2019identit\u00e9 en 2011. Son dernier ouvrage en date : Les Falaises de Wangsisina, Actes Sud, mars 2014.<\/p>\n<p>&nbsp;<\/p>\n<p>&nbsp;<\/p>\n<p>&nbsp;<\/p>\n<p>&nbsp;<\/p>\n<p>&nbsp;<\/p>\n<p><strong>Le 2\u00e8me\u00a0Salon s\u2019est tenu les 17 et 18 novembre 2012 \u00e0 la Mairie du 20\u00e8me\u00a0et a connu un tr\u00e8s vif succ\u00e8s avec 2121 entr\u00e9es<\/strong>, la pr\u00e9sentation de 900 r\u00e9f\u00e9rences et 4500 ouvrages.\u00a0La marraine du Salon \u00e9tait K\u00e9niz\u00e9 MOURAD et les invit\u00e9s d\u2019Honneur : Jean-Claude CARRIERE \u00e9crivain familier de l\u2019Inde et Abha DAWESAR, jeune auteur qui s\u2019impose dans le paysage litt\u00e9raire indien contemporain.<\/p>\n<p><a href=\"http:\/\/www.comptoirsinde.org\/wp\/wp-content\/uploads\/2013\/10\/Programme-LInde-des-livres-2012.pdf\" target=\"_blank\">D\u00e9couvrez le programme de 2012.<\/a><\/p>\n<figure id=\"attachment_307\" aria-describedby=\"caption-attachment-307\" style=\"width: 169px\" class=\"wp-caption alignleft\"><a href=\"http:\/\/www.comptoirsinde.org\/wp\/wp-content\/uploads\/2013\/10\/Programme-LInde-des-livres-2012.pdf\" target=\"_blank\"><img loading=\"lazy\" class=\"wp-image-307 \" alt=\"Abha DAWESAR \u00a9 David Ignaszewski-koboy\" src=\"http:\/\/www.comptoirsinde.org\/wp\/wp-content\/uploads\/2011\/04\/Abha-DAWESAR-9-\u00a9-David-Ignaszewski-koboy-211x300.jpg\" width=\"169\" height=\"240\" \/><\/a><figcaption id=\"caption-attachment-307\" class=\"wp-caption-text\">Abha DAWESAR \u00a9 David Ignaszewski-koboy<\/figcaption><\/figure>\n<figure id=\"attachment_308\" aria-describedby=\"caption-attachment-308\" style=\"width: 187px\" class=\"wp-caption alignright\"><a href=\"http:\/\/www.comptoirsinde.org\/wp\/wp-content\/uploads\/2011\/04\/Carriere_4156-e1363022108507.jpg\"><img loading=\"lazy\" class=\"wp-image-308 \" alt=\"Jean-Paul Carri\u00e8re\" src=\"http:\/\/www.comptoirsinde.org\/wp\/wp-content\/uploads\/2011\/04\/Carriere_4156-234x300.jpg\" width=\"187\" height=\"240\" \/><\/a><figcaption id=\"caption-attachment-308\" class=\"wp-caption-text\">Jean-Paul Carri\u00e8re<\/figcaption><\/figure>\n<p>&nbsp;<\/p>\n<p>&nbsp;<\/p>\n<p>&nbsp;<\/p>\n<p>&nbsp;<\/p>\n<p>&nbsp;<\/p>\n<p>&nbsp;<\/p>\n<p>&nbsp;<\/p>\n<p>&nbsp;<\/p>\n<p>&nbsp;<\/p>\n<p>&nbsp;<\/p>\n<p>&nbsp;<\/p>\n<p><strong>La troisi\u00e8me \u00e9dition du salon en 2013, les invit\u00e9s d&rsquo;honneur \u00e9taient :\u00a0<\/strong><\/p>\n<p><strong>RADHIKA JHA<\/strong> &#8211;\u00a0Auteur talentueuse de romans et de nouvelles \u00e9dit\u00e9s en France<\/p>\n<p>chez Philippe Picquier, repr\u00e9sentative d\u2019une g\u00e9n\u00e9ration d\u2019\u00e9crivains au confluent de la tradition et de la modernit\u00e9,<\/p>\n<p>elle vit aujourd\u2019hui en Chine et partage son temps entre la danse et l\u2019\u00e9criture.<\/p>\n<p>et<\/p>\n<p><b>TARUN TEJPAL &#8211;\u00a0<\/b>C\u00e9l\u00e8bre journaliste d\u2019investigation dans son pays, il est salu\u00e9 comme l\u2019une des figures majeures de la litt\u00e9rature indienne contemporaine depuis la publication de son premier roman\u00a0<i>Loin de Chandigarh<\/i>\u00a0(Buchet Chastel, 2005) r\u00e9compens\u00e9 en France par le Prix des libraires.<\/p>\n<p style=\"text-align: center;\"><b><img loading=\"lazy\" class=\"aligncenter\" alt=\"AVT_Radhika-Jha_7710\" src=\"http:\/\/www.comptoirsinde.org\/wp\/wp-content\/uploads\/2013\/10\/AVT_Radhika-Jha_7710.jpg\" width=\"156\" height=\"165\" \/><\/b>\u00a0<b><img loading=\"lazy\" class=\"aligncenter\" alt=\"images[6]\" src=\"http:\/\/www.comptoirsinde.org\/wp\/wp-content\/uploads\/2013\/10\/images6.jpg\" width=\"227\" height=\"142\" \/><\/b><\/p>\n<p>A la demande du public, nous avons mis l&rsquo;accent sur les rencontres, les animations &#8230;<\/p>\n<p><b><b>La grande librairie<\/b><\/b><\/p>\n<p><b><i>Ouverte de 10h \u00e0 20h samedi et dimanche<\/i><\/b>\u00a0(<i>Mairie &#8211; entr\u00e9e libre)<\/i><\/p>\n<p>Tenue par la librairie et maison d\u2019\u00e9dition L\u2019Harmattan, il sera propos\u00e9\u00a0 une s\u00e9lection de plus de 450 titres et de 5000 ouvrages consacr\u00e9s \u00e0 l\u2019Inde: litt\u00e9rature, essais, sciences humaines et sociales, g\u00e9opolitique, cuisine, bandes dessin\u00e9es, beaux livres, albums pour la jeunesse\u2026, ainsi qu\u2019un large choix de CD et de DVD.<\/p>\n<p><b>Des s\u00e9ances de d\u00e9dicaces<\/b><\/p>\n<p>Plus de soixante dix auteurs seront pr\u00e9sents pour d\u00e9dicacer leurs livres dans la Grande librairie.<\/p>\n<p>&nbsp;<\/p>\n<p><b>Des hommages\u00a0particuliers\u00a0<\/b><b>:<\/b><\/p>\n<ul>\n<li><b><\/b><b>Au centenaire du cin\u00e9ma indien<\/b><\/li>\n<\/ul>\n<p>&nbsp;<\/p>\n<ul>\n<li><b>A Rabindranath Tagore\u00a0<\/b><\/li>\n<\/ul>\n<p>&nbsp;<\/p>\n<ul>\n<li><b>A Ravi Shankar<\/b><\/li>\n<\/ul>\n<p><i>.\u00a0<\/i><\/p>\n<p><b>\u00a0<\/b><\/p>\n<p>&nbsp;<\/p>\n<p>&nbsp;<\/p>\n<p>&nbsp;<\/p>\n","protected":false},"excerpt":{"rendered":"<p>Le 1er\u00a0Salon qui s\u2019est tenu les 22 et 23 octobre 2011 \u00e0 la Mairie du 20\u00e8me\u00a0a re\u00e7u la visite de 1652 personnes\u00a0avec des observations tr\u00e8s positives. La grande librairie a pr\u00e9sent\u00e9 500 r\u00e9f\u00e9rences avec pr\u00e8s de 3000 ouvrages.\u00a0L\u2019Invit\u00e9e d\u2019Honneur \u00e9tait K\u00e9niz\u00e9 MOURAD. Elle est devenue la marraine de notre salon et chaque ann\u00e9e nous la &hellip;<\/p>\n","protected":false},"author":2,"featured_media":0,"parent":0,"menu_order":0,"comment_status":"open","ping_status":"closed","template":"one-column.php","meta":[],"_links":{"self":[{"href":"https:\/\/www.comptoirsinde.org\/index.php?rest_route=\/wp\/v2\/pages\/497"}],"collection":[{"href":"https:\/\/www.comptoirsinde.org\/index.php?rest_route=\/wp\/v2\/pages"}],"about":[{"href":"https:\/\/www.comptoirsinde.org\/index.php?rest_route=\/wp\/v2\/types\/page"}],"author":[{"embeddable":true,"href":"https:\/\/www.comptoirsinde.org\/index.php?rest_route=\/wp\/v2\/users\/2"}],"replies":[{"embeddable":true,"href":"https:\/\/www.comptoirsinde.org\/index.php?rest_route=%2Fwp%2Fv2%2Fcomments&post=497"}],"version-history":[{"count":11,"href":"https:\/\/www.comptoirsinde.org\/index.php?rest_route=\/wp\/v2\/pages\/497\/revisions"}],"predecessor-version":[{"id":503,"href":"https:\/\/www.comptoirsinde.org\/index.php?rest_route=\/wp\/v2\/pages\/497\/revisions\/503"}],"wp:attachment":[{"href":"https:\/\/www.comptoirsinde.org\/index.php?rest_route=%2Fwp%2Fv2%2Fmedia&parent=497"}],"curies":[{"name":"wp","href":"https:\/\/api.w.org\/{rel}","templated":true}]}}