{"id":751,"date":"2016-10-12T14:48:32","date_gmt":"2016-10-12T14:48:32","guid":{"rendered":"http:\/\/www.comptoirsinde.org\/?page_id=751"},"modified":"2020-05-28T02:13:12","modified_gmt":"2020-05-28T00:13:12","slug":"ateliers-et-cours","status":"publish","type":"page","link":"https:\/\/www.comptoirsinde.org\/?page_id=751","title":{"rendered":"Les ateliers et les cours"},"content":{"rendered":"\n<h3 class=\"has-text-align-left\">Vous trouverez les cours dispens\u00e9s au si\u00e8ge de notre association pour l&rsquo;ann\u00e9e 2019 &#8211; 2020<\/h3>\n\n\n\n<p>L&rsquo;inscription s&rsquo;effectue sur place et comprend l&rsquo;adh\u00e9sion \u00e0 l&rsquo;association et le tarifs pour les cours. Les cours sont propos\u00e9s par des professeurs exp\u00e9riment\u00e9s et sp\u00e9cialis\u00e9s dans leur discipline.<\/p>\n\n\n\n<p>Les Cours ont lieu\u00a0au <\/p>\n\n\n\n<p class=\"has-text-align-center\"><strong>60, Rue des Vignoles<br> 75020 Paris<\/strong><\/p>\n\n\n\n<h3><span style=\"color: #993300;\">De danse classique (Bharatanatyam)<\/span><\/h3>\n\n\n\n<p><strong>Par notre professeur JYOTIKA<\/strong><\/p>\n\n\n\n<div class=\"wp-block-image\"><figure class=\"alignright\"><a href=\"http:\/\/www.comptoirsinde.org\/wp\/wp-content\/uploads\/2013\/03\/269253_3856377062331_1187238211_n.jpg\"><img loading=\"lazy\" width=\"300\" height=\"225\" src=\"http:\/\/www.comptoirsinde.org\/wp\/wp-content\/uploads\/2013\/03\/269253_3856377062331_1187238211_n-300x225.jpg\" alt=\"269253_3856377062331_1187238211_n\" class=\"wp-image-363\" srcset=\"https:\/\/www.comptoirsinde.org\/wp\/wp-content\/uploads\/2013\/03\/269253_3856377062331_1187238211_n-300x225.jpg 300w, https:\/\/www.comptoirsinde.org\/wp\/wp-content\/uploads\/2013\/03\/269253_3856377062331_1187238211_n-600x450.jpg 600w, https:\/\/www.comptoirsinde.org\/wp\/wp-content\/uploads\/2013\/03\/269253_3856377062331_1187238211_n.jpg 960w\" sizes=\"(max-width: 300px) 100vw, 300px\" \/><\/a><\/figure><\/div>\n\n\n\n<p>&#8211; ADULTE : adh\u00e9sion \u00e0 l\u2019Association obligatoire (30 \u20ac par an avec la participation \u00e0 toutes nos activit\u00e9s)<br>* cours \u00e0 l\u2019unit\u00e9 : 15 \u20ac.<br>* forfait trimestriel : 13 \u20ac le cours.<br>* horaires :&nbsp;les lundis et jeudis \u00e0 18h30. Les mercredis de 18h \u00e0 19h30. Les samedis de 16h \u00e0 18h (technique)<\/p>\n\n\n\n<p>-ENFANT : adh\u00e9sion familiale 40 \u20ac par an (enfants et parents)<br>* forfait trimestriel : 10 \u20ac le cours.<br>* horaires : le mercredi : pour les d\u00e9butants de 15h \u00e0 16h, pour les interm\u00e9diaires de 16h \u00e0 17h.<\/p>\n\n\n\n<p>Pour tout renseignement notre professeur Jyotika est \u00e0 votre disposition jyotirao2@gmail.com<\/p>\n\n\n\n<div class=\"wp-block-image\"><figure class=\"alignright\"><a href=\"http:\/\/www.comptoirsinde.org\/wp\/wp-content\/uploads\/2013\/03\/527971_3856375742298_220421488_n.jpg\"><img loading=\"lazy\" width=\"225\" height=\"300\" src=\"http:\/\/www.comptoirsinde.org\/wp\/wp-content\/uploads\/2013\/03\/527971_3856375742298_220421488_n-225x300.jpg\" alt=\"527971_3856375742298_220421488_n\" class=\"wp-image-364\" srcset=\"https:\/\/www.comptoirsinde.org\/wp\/wp-content\/uploads\/2013\/03\/527971_3856375742298_220421488_n-225x300.jpg 225w, https:\/\/www.comptoirsinde.org\/wp\/wp-content\/uploads\/2013\/03\/527971_3856375742298_220421488_n-600x800.jpg 600w, https:\/\/www.comptoirsinde.org\/wp\/wp-content\/uploads\/2013\/03\/527971_3856375742298_220421488_n.jpg 720w\" sizes=\"(max-width: 225px) 100vw, 225px\" \/><\/a><\/figure><\/div>\n\n\n\n<p><strong>Horaire 2019 &#8211; 2020<\/strong><\/p>\n\n\n\n<ul><li>Pour les enfants: <ul><li>Tous les Mercredis de 17h \u00e0 20h <\/li><\/ul><\/li><li>Pour les adultes: <ul><li>Tous les Lundis, Mercredis et Jeudis <ul><li>17h &#8211; 18h<\/li><li>18h &#8211; 19h<\/li><li>19h &#8211; 20h (sauf le mercredi)  <\/li><\/ul><\/li><\/ul><\/li><\/ul>\n\n\n\n<p><\/p>\n\n\n\n<h3><strong><span style=\"color: #993300;\">Cours de Tamoul<\/span><\/strong><\/h3>\n\n\n\n<div class=\"wp-block-image\"><figure class=\"alignright\"><img loading=\"lazy\" width=\"300\" height=\"253\" src=\"http:\/\/www.comptoirsinde.org\/wp\/wp-content\/uploads\/2018\/10\/105174-150832-300x253.jpg\" alt=\"\" class=\"wp-image-1955\" srcset=\"https:\/\/www.comptoirsinde.org\/wp\/wp-content\/uploads\/2018\/10\/105174-150832-300x253.jpg 300w, https:\/\/www.comptoirsinde.org\/wp\/wp-content\/uploads\/2018\/10\/105174-150832.jpg 430w\" sizes=\"(max-width: 300px) 100vw, 300px\" \/><\/figure><\/div>\n\n\n\n<p><strong>Les cours d\u00e9butes \u00e0 partir du 9 septembre 2019 avec le professeur&#8230;<\/strong><strong><br><\/strong><\/p>\n\n\n\n<p><strong>TAMOUL<\/strong> (langue de l\u2019Inde du Sud) adh\u00e9sion 40 \u20ac par an.<br>cours \u00e0 l\u2019unit\u00e9 : 15 \u20ac<br><strong>Cours dispens\u00e9s le samedi :<\/strong><br>Pour les d\u00e9butants de 10h \u00e0 11h<br>Pour les confirm\u00e9s de 11h \u00e0 12h.<\/p>\n\n\n\n<p><a href=\"http:\/\/www.comptoirsinde.org\/animations-proposees-par-lassociation\/les-ateliers-et-les-cours\/affiche-cours-\u2026moul-2016-2017\/\">&nbsp;<\/a><\/p>\n\n\n\n<p class=\"has-text-align-center\"><span style=\"color: #ff0000;\"><em><strong>N\u2019h\u00e9sitez pas \u00e0 contacter l\u2019Association par t\u00e9l : 01 46 59 02 12 ou par mail :&nbsp;<a style=\"color: #ff0000;\" href=\"comptoirs-inde@wanadoo.fr\">comptoirs-inde@wanadoo.fr<\/a><\/strong><\/em><\/span><\/p>\n\n\n","protected":false},"excerpt":{"rendered":"<p>Vous trouverez les cours dispens\u00e9s au si\u00e8ge de notre association pour l&rsquo;ann\u00e9e 2019 &#8211; 2020 L&rsquo;inscription s&rsquo;effectue sur place et comprend l&rsquo;adh\u00e9sion \u00e0 l&rsquo;association et le tarifs pour les cours. Les cours sont propos\u00e9s par des professeurs exp\u00e9riment\u00e9s et sp\u00e9cialis\u00e9s dans leur discipline. Les Cours ont lieu\u00a0au 60, Rue des Vignoles 75020 Paris De danse &hellip;<\/p>\n","protected":false},"author":2,"featured_media":0,"parent":0,"menu_order":0,"comment_status":"closed","ping_status":"closed","template":"","meta":[],"_links":{"self":[{"href":"https:\/\/www.comptoirsinde.org\/index.php?rest_route=\/wp\/v2\/pages\/751"}],"collection":[{"href":"https:\/\/www.comptoirsinde.org\/index.php?rest_route=\/wp\/v2\/pages"}],"about":[{"href":"https:\/\/www.comptoirsinde.org\/index.php?rest_route=\/wp\/v2\/types\/page"}],"author":[{"embeddable":true,"href":"https:\/\/www.comptoirsinde.org\/index.php?rest_route=\/wp\/v2\/users\/2"}],"replies":[{"embeddable":true,"href":"https:\/\/www.comptoirsinde.org\/index.php?rest_route=%2Fwp%2Fv2%2Fcomments&post=751"}],"version-history":[{"count":42,"href":"https:\/\/www.comptoirsinde.org\/index.php?rest_route=\/wp\/v2\/pages\/751\/revisions"}],"predecessor-version":[{"id":2651,"href":"https:\/\/www.comptoirsinde.org\/index.php?rest_route=\/wp\/v2\/pages\/751\/revisions\/2651"}],"wp:attachment":[{"href":"https:\/\/www.comptoirsinde.org\/index.php?rest_route=%2Fwp%2Fv2%2Fmedia&parent=751"}],"curies":[{"name":"wp","href":"https:\/\/api.w.org\/{rel}","templated":true}]}}